{"id":4750,"date":"2022-05-26T16:56:58","date_gmt":"2022-05-26T20:56:58","guid":{"rendered":"https:\/\/prohealthfinancial.ca\/?page_id=4750"},"modified":"2022-05-26T16:56:58","modified_gmt":"2022-05-26T20:56:58","slug":"a-propos","status":"publish","type":"page","link":"https:\/\/prohealthfinancial.ca\/fr\/a-propos\/","title":{"rendered":"\u00c0 propos"},"content":{"rendered":"\n<h1>\n\t\t\u00c0 propos de nous\n\t<\/h1>\n\t<p>Nous sommes une \u00e9quipe d&rsquo;Experts Financiers \u00e0 Montr\u00e9al, des conseillers, des comptables et des avocats, ayant acquis collectivement plus de 80 ans d&rsquo;exp\u00e9rience dans le monde des affaires et de la planification financi\u00e8re.<\/p>\n\t\t<img decoding=\"async\" src=\"https:\/\/prohealthfinancial.ca\/wp-content\/uploads\/sites\/29\/2021\/01\/White-top-1920x200px.png\" alt=\"White-top-1920x200px\" itemprop=\"image\"\/>\n\t\t<h2>Notre histoire<\/h2>\n\t\t\t<p>D\u00e9di\u00e9s \u00e0 l&rsquo;\u00e9ducation, \u00e0 l&rsquo;autonomisation et \u00e0 la personnalisation de solutions commerciales et financi\u00e8res sur mesure pour chacun de nos clients. Ceci, dans le but de r\u00e9pondre \u00e0 vos besoins sp\u00e9cifiques, en rapport avec l&rsquo;\u00e9tape, o\u00f9 vous \u00eates rendu dans votre vie et aussi votre situation \u00e9conomique actuelle. Nous sommes fiers d&rsquo;\u00eatre votre \u00ab\u00a0coach en acquisition d&rsquo;aptitudes financi\u00e8res\u00a0\u00bb.<\/p>\n\t\t\t\t<img decoding=\"async\" src=\"https:\/\/prohealthfinancial.ca\/wp-content\/plugins\/bb-plugin\/img\/pixel.png\" alt=\"\" itemprop=\"image\" onerror=\"this.style.display='none'\"  \/>\n\t\t\t\t<img decoding=\"async\" src=\"https:\/\/prohealthfinancial.ca\/wp-content\/uploads\/sites\/29\/2021\/01\/Our-Story_307x313px.jpg\" alt=\"investment consulting montreal\" itemprop=\"image\" title=\"Our-Story_307x313px\" onerror=\"this.style.display='none'\"  \/>\n\t\t<h2>Notre philosophie<\/h2>\n\t\t\n\t\t\t<p>Nous croyons fermement que le bien-\u00eatre physique, mental et spirituel est \u00e9troitement li\u00e9 \u00e0 la libert\u00e9 et \u00e0 la s\u00e9curit\u00e9 financi\u00e8res. Dans ce sens, nous essayons d&rsquo;\u00e9laborer des plans centr\u00e9s sur le client lui-m\u00eame, sans pour autant se limiter aux chiffres, malgr\u00e9 leur importance, mais plut\u00f4t aux \u00e9motions sous-jacentes qui s&rsquo;y rapportent. Nous nous engageons \u00e0 consolider cet objectif en vous apprenant \u00e0 pr\u00e9server et \u00e0 d\u00e9velopper votre patrimoine.<\/p>\n<p>L&rsquo;argent n&rsquo;est pas la valeur la plus importante dans la vie, cependant il nous permet de profiter de bien de choses qui sont importantes, comme l&rsquo;\u00e9ducation, les voyages, les loisirs et les sports, et surtout le temps de qualit\u00e9 que l&rsquo;on pourrait passer avec les amis et la famille.<\/p>\n<p>En ce qui nous concerne, tisser avec nos clients un lien personnel bas\u00e9 sur des principes et des objectifs communs, sera la premi\u00e8re \u00e9tape pour les amener \u00e0 atteindre leur libert\u00e9 financi\u00e8re.<\/p>\n<p><strong>Voici, ce que nous valorisons\u00a0:<\/strong><\/p>\n\t\t<nav>\n\t\t\t<ul>\n\t\t\t\t\t\t\t\t<li data-index=\"0\">\n\t\t\t\t\t<h3>\n\t\t\t\t\t\t<a href=\"javascript:void(0);\">01\n\t\t\t\t\t\t\t\t\t\t\t\t<\/a>\n\t\t\t\t\t<\/h3>\n\t\t\t\t<\/li>\n\t\t\t\t\t\t\t\t<li data-index=\"1\">\n\t\t\t\t\t<h3>\n\t\t\t\t\t\t<a href=\"javascript:void(0);\">02\n\t\t\t\t\t\t\t\t\t\t\t\t<\/a>\n\t\t\t\t\t<\/h3>\n\t\t\t\t<\/li>\n\t\t\t\t\t\t\t\t<li data-index=\"2\">\n\t\t\t\t\t<h3>\n\t\t\t\t\t\t<a href=\"javascript:void(0);\">03\n\t\t\t\t\t\t\t\t\t\t\t\t<\/a>\n\t\t\t\t\t<\/h3>\n\t\t\t\t<\/li>\n\t\t\t\t\t\t\t\t<li data-index=\"3\">\n\t\t\t\t\t<h3>\n\t\t\t\t\t\t<a href=\"javascript:void(0);\">04\n\t\t\t\t\t\t\t\t\t\t\t\t<\/a>\n\t\t\t\t\t<\/h3>\n\t\t\t\t<\/li>\n\t\t\t\t\t\t\t<\/ul>\n\t\t<\/nav>\n\t\t\t\t\t<p><img loading=\"lazy\" decoding=\"async\" src=\"https:\/\/197753.smushcdn.com\/646743\/wp-content\/uploads\/sites\/29\/2020\/11\/Icon-family-friend-2.png\" alt=\"\" width=\"60\" height=\"63\" \/><\/p>\n<p>Famille et amis<\/p>\n<p>Les exp\u00e9riences sont tellement plus r\u00e9jouissantes et enrichissantes lorsque vous les partagez avec d&rsquo;autres, notamment avec la famille et les amis. Nous nous engageons \u00e0 cet effet de vous faciliter la r\u00e9alisation de vos r\u00eaves, sans que vous ayez \u00e0 se soucier des d\u00e9penses que cela pourrait impliquer. Vous ne r\u00eavez pas d&rsquo;un bon repas que vous partagez avec votre famille et vos amis apr\u00e8s une aventure de ski dans les Alpes suisses et rem\u00e9moriser tout ce que vous avez v\u00e9cu durant cette p\u00e9riode inoubliable ?<\/p>\n\t\t\t\t\t<p><img loading=\"lazy\" decoding=\"async\" src=\"https:\/\/prohealthfinancial.ca\/wp-content\/uploads\/sites\/29\/2020\/11\/Icons-education-2.png\" alt=\"\" width=\"60\" height=\"63\" \/><\/p>\n<p>\u00c9ducation<\/p>\n<p>L&rsquo;individu \u00e9clair\u00e9 cherche constamment \u00e0 \u00e9largir ses connaissances et \u00e0 les enseigner aux autres, et ce, dans toutes les mati\u00e8res et les disciplines. C&rsquo;est ce que nous perp\u00e9tuons d&rsquo;ailleurs par le biais de nos services, et aussi en organisant des s\u00e9minaires et des ateliers en milieu d&rsquo;entreprises et d&rsquo;\u00e9tablissements d&rsquo;enseignement comme l&rsquo;Universit\u00e9 McGill.<\/p>\n\t\t\t\t\t<p><img loading=\"lazy\" decoding=\"async\" src=\"https:\/\/197753.smushcdn.com\/646743\/wp-content\/uploads\/sites\/29\/2020\/11\/Icon-travel-3.png\" alt=\"\" width=\"60\" height=\"63\" \/><\/p>\n<p>Voyage<\/p>\n<p>Les exp\u00e9riences ajoutent de la valeur \u00e0 la vie, et il n&rsquo;y a rien de plus pr\u00e9cieux que d&rsquo;apprendre et de d\u00e9couvrir diff\u00e9rentes cultures. Faire une promenade dans les Highlands \u00e9cossais, une balade en gondole \u00e0 travers les canaux de Venise ou une randonn\u00e9e dans l&rsquo;Outback australien, sauf que tout ceci n\u00e9cessite de l&rsquo;argent. Nous nous engageons pleinement \u00e0 vous aider \u00e0 pouvoir accumuler des souvenirs de tout une vie en assurant votre ind\u00e9pendance financi\u00e8re.<\/p>\n\t\t\t\t\t<p><img loading=\"lazy\" decoding=\"async\" src=\"https:\/\/197753.smushcdn.com\/646743\/wp-content\/uploads\/sites\/29\/2020\/11\/Sports.png\" alt=\"\" width=\"60\" height=\"63\" \/><\/p>\n<p>Sport<\/p>\n<p>La comp\u00e9tition fait ressortir le meilleur d&rsquo;un individu, l&rsquo;obligeant \u00e0 se surpasser constamment vers de nouveaux sommets de croissance et de r\u00e9ussite. Le sport nous a appris \u00e0 ne pas rivaliser avec les autres, mais plut\u00f4t avec nous-m\u00eames, en cherchant toujours \u00e0 nous tenir \u00e0 un niveau plus \u00e9lev\u00e9. Donc, et tout en nous inspirant de cette philosophie, nous misons toujours dans note travail, \u00e0 tirer le meilleur de nous-m\u00eames et aussi de nos clients.<\/p>\n<p>\u00a0<\/p>\n\t\t\t\t\t<!-- \/content -->\n\t<!-- \/tabs -->\n\t\t<img decoding=\"async\" src=\"https:\/\/prohealthfinancial.ca\/wp-content\/uploads\/sites\/29\/2021\/01\/White-Green-1920x200px.png\" alt=\"White-Green-1920x200px\" itemprop=\"image\"\/>\n\t\t\t\t<img decoding=\"async\" src=\"https:\/\/prohealthfinancial.ca\/wp-content\/uploads\/sites\/29\/2021\/01\/Justin-02@2x.png\" alt=\"Justin-02@2x\" itemprop=\"image\" title=\"Justin-02@2x\" onerror=\"this.style.display='none'\"  \/>\n\t<h2>\u00ab\u00a0Plus j&rsquo;apprends, plus je me rends compte \u00e0 quel point je ne sais pas\u00a0\u00bb<\/h2>\n<h3>Albert Einstein<\/h3>\n\t\t<img decoding=\"async\" src=\"https:\/\/prohealthfinancial.ca\/wp-content\/uploads\/sites\/29\/2021\/01\/White-top-1920x200px.png\" alt=\"White-top-1920x200px\" itemprop=\"image\"\/>\n\t\t<h2>Notre m\u00e9thode<\/h2>\n\t\t\t<p>En soutien \u00e0 notre philosophie d&rsquo;entreprise, nous croyons fermement que la meilleure fa\u00e7on pour r\u00e9ussir \u00e0 amener nos clients \u00e0 atteindre leur libert\u00e9 financi\u00e8re, est d&rsquo;\u00e9tablir une relation solide avec eux. \u00c0 l&rsquo;exemple d&rsquo;Albert Einstein, ce n&rsquo;est que lorsque nous prenons le temps de nous asseoir avec vous, de vous \u00e9couter et de vous poser les bonnes questions \/ strat\u00e9giques, que les membres de notre \u00e9quipe mettent le doigt sur la meilleure approche \u00e9conomique pour vous et vos proches. Nous croyons que le rapport conseiller\/client repose sur une communication mutuelle transparente, claire et directe ; des objectifs centr\u00e9s sur l&rsquo;int\u00e9r\u00eat du client et un terrain commun d&rsquo;int\u00e9r\u00eats, d&rsquo;activit\u00e9s et de valeurs. Il est important pour nous de connaitre vos attentes par rapport \u00e0 la vie, \u00e0 court et moyen terme, afin de pouvoir vous donner les meilleurs conseils sur les fonds n\u00e9cessaires r\u00e9pondant \u00e0 vos attentes, et les s\u00e9curiser.<\/p>\n<p>Une fois les pr\u00e9liminaires termin\u00e9s et le plan d&rsquo;affaires \u00e9tabli, attendez-vous \u00e0 avoir des r\u00e9sultats imm\u00e9diats. Nous promettons \u00e9galement du contr\u00f4le et des mises \u00e0 jour r\u00e9guliers pour garantir les r\u00e9sultats.<\/p>\n\t\t<img decoding=\"async\" src=\"https:\/\/prohealthfinancial.ca\/wp-content\/uploads\/sites\/29\/2021\/01\/White-Green-1920x200px.png\" alt=\"White-Green-1920x200px\" itemprop=\"image\"\/>\n<h3>\n\t\tDemander une consultation\n\t<\/h3>\n\t<p>Contacter l&rsquo;un de nos planificateurs financiers \u00e0 Montr\u00e9al.<\/p>\n\t\t\t<a href=\"https:\/\/prohealthfinancial.ca\/consultation\/\" target=\"_self\" role=\"button\" rel=\"noopener\">\n\t\t\t\t\t\t\tD\u00e9marrer\n\t\t\t\t\t<\/a>\n\t\t\t\t<img decoding=\"async\" src=\"https:\/\/prohealthfinancial.ca\/wp-content\/uploads\/sites\/29\/2021\/03\/Contact-Pro-Health-Financial-for-your-Economic-Needs-scaled.jpg\" alt=\"Contact-Pro-Health-Financial-for-your-Economic-Needs\" title=\"Contact-Pro-Health-Financial-for-your-Economic-Needs\" itemprop=\"image\"  \/>\n\n","protected":false},"excerpt":{"rendered":"<p>\u00c0 propos de nous Nous sommes une \u00e9quipe d&rsquo;Experts Financiers \u00e0 Montr\u00e9al, des conseillers, des comptables et des avocats, ayant acquis collectivement plus de 80 ans d&rsquo;exp\u00e9rience dans le monde des affaires et de la planification financi\u00e8re. Notre histoire D\u00e9di\u00e9s \u00e0 l&rsquo;\u00e9ducation, \u00e0 l&rsquo;autonomisation et \u00e0 la personnalisation de solutions commerciales et financi\u00e8res sur mesure&hellip;<\/p>\n","protected":false},"author":6,"featured_media":0,"parent":0,"menu_order":0,"comment_status":"closed","ping_status":"closed","template":"","meta":{"footnotes":""},"class_list":["post-4750","page","type-page","status-publish","hentry"],"yoast_head":"<!-- This site is optimized with the Yoast SEO plugin v26.8 - https:\/\/yoast.com\/product\/yoast-seo-wordpress\/ -->\n<title>Financial Planners in Montreal | Pro Health Financial<\/title>\n<meta name=\"description\" content=\"We pride ourselves on being your financial planners in Montreal providing education and solutions for your financial freedom.\" \/>\n<meta name=\"robots\" content=\"index, follow, max-snippet:-1, max-image-preview:large, max-video-preview:-1\" \/>\n<link rel=\"canonical\" href=\"https:\/\/prohealthfinancial.ca\/fr\/a-propos\/\" \/>\n<meta property=\"og:locale\" content=\"fr_FR\" \/>\n<meta property=\"og:type\" content=\"article\" \/>\n<meta property=\"og:title\" content=\"Financial Planners in Montreal | Pro Health Financial\" \/>\n<meta property=\"og:description\" content=\"We pride ourselves on being your financial planners in Montreal providing education and solutions for your financial freedom.\" \/>\n<meta property=\"og:url\" content=\"https:\/\/prohealthfinancial.ca\/fr\/a-propos\/\" \/>\n<meta property=\"og:site_name\" content=\"Pro Health Financial\" \/>\n<meta property=\"og:image\" content=\"https:\/\/carteblanche.media\/prohealth\/wp-content\/uploads\/sites\/29\/2021\/01\/White-top-1920x200px.png\" \/>\n<meta name=\"twitter:card\" content=\"summary_large_image\" \/>\n<meta name=\"twitter:label1\" content=\"Dur\u00e9e de lecture estim\u00e9e\" \/>\n\t<meta name=\"twitter:data1\" content=\"7 minutes\" \/>\n<script type=\"application\/ld+json\" class=\"yoast-schema-graph\">{\"@context\":\"https:\/\/schema.org\",\"@graph\":[{\"@type\":\"WebPage\",\"@id\":\"https:\/\/prohealthfinancial.ca\/fr\/a-propos\/\",\"url\":\"https:\/\/prohealthfinancial.ca\/fr\/a-propos\/\",\"name\":\"Financial Planners in Montreal | Pro Health Financial\",\"isPartOf\":{\"@id\":\"https:\/\/prohealthfinancial.ca\/#website\"},\"primaryImageOfPage\":{\"@id\":\"https:\/\/prohealthfinancial.ca\/fr\/a-propos\/#primaryimage\"},\"image\":{\"@id\":\"https:\/\/prohealthfinancial.ca\/fr\/a-propos\/#primaryimage\"},\"thumbnailUrl\":\"https:\/\/prohealthfinancial.ca\/wp-content\/uploads\/sites\/29\/2021\/01\/White-top-1920x200px.png\",\"datePublished\":\"2022-05-26T20:56:58+00:00\",\"description\":\"We pride ourselves on being your financial planners in Montreal providing education and solutions for your financial freedom.\",\"breadcrumb\":{\"@id\":\"https:\/\/prohealthfinancial.ca\/fr\/a-propos\/#breadcrumb\"},\"inLanguage\":\"fr-FR\",\"potentialAction\":[{\"@type\":\"ReadAction\",\"target\":[\"https:\/\/prohealthfinancial.ca\/fr\/a-propos\/\"]}]},{\"@type\":\"ImageObject\",\"inLanguage\":\"fr-FR\",\"@id\":\"https:\/\/prohealthfinancial.ca\/fr\/a-propos\/#primaryimage\",\"url\":\"https:\/\/prohealthfinancial.ca\/wp-content\/uploads\/sites\/29\/2021\/01\/White-top-1920x200px.png\",\"contentUrl\":\"https:\/\/prohealthfinancial.ca\/wp-content\/uploads\/sites\/29\/2021\/01\/White-top-1920x200px.png\"},{\"@type\":\"BreadcrumbList\",\"@id\":\"https:\/\/prohealthfinancial.ca\/fr\/a-propos\/#breadcrumb\",\"itemListElement\":[{\"@type\":\"ListItem\",\"position\":1,\"name\":\"Home\",\"item\":\"https:\/\/prohealthfinancial.ca\/fr\/fr-accueil\/\"},{\"@type\":\"ListItem\",\"position\":2,\"name\":\"\u00c0 propos\"}]},{\"@type\":\"WebSite\",\"@id\":\"https:\/\/prohealthfinancial.ca\/#website\",\"url\":\"https:\/\/prohealthfinancial.ca\/\",\"name\":\"Pro Health Financial\",\"description\":\"Pro Health Financial\",\"potentialAction\":[{\"@type\":\"SearchAction\",\"target\":{\"@type\":\"EntryPoint\",\"urlTemplate\":\"https:\/\/prohealthfinancial.ca\/?s={search_term_string}\"},\"query-input\":{\"@type\":\"PropertyValueSpecification\",\"valueRequired\":true,\"valueName\":\"search_term_string\"}}],\"inLanguage\":\"fr-FR\"}]}<\/script>\n<!-- \/ Yoast SEO plugin. -->","yoast_head_json":{"title":"Financial Planners in Montreal | Pro Health Financial","description":"We pride ourselves on being your financial planners in Montreal providing education and solutions for your financial freedom.","robots":{"index":"index","follow":"follow","max-snippet":"max-snippet:-1","max-image-preview":"max-image-preview:large","max-video-preview":"max-video-preview:-1"},"canonical":"https:\/\/prohealthfinancial.ca\/fr\/a-propos\/","og_locale":"fr_FR","og_type":"article","og_title":"Financial Planners in Montreal | Pro Health Financial","og_description":"We pride ourselves on being your financial planners in Montreal providing education and solutions for your financial freedom.","og_url":"https:\/\/prohealthfinancial.ca\/fr\/a-propos\/","og_site_name":"Pro Health Financial","og_image":[{"url":"https:\/\/carteblanche.media\/prohealth\/wp-content\/uploads\/sites\/29\/2021\/01\/White-top-1920x200px.png","type":"","width":"","height":""}],"twitter_card":"summary_large_image","twitter_misc":{"Dur\u00e9e de lecture estim\u00e9e":"7 minutes"},"schema":{"@context":"https:\/\/schema.org","@graph":[{"@type":"WebPage","@id":"https:\/\/prohealthfinancial.ca\/fr\/a-propos\/","url":"https:\/\/prohealthfinancial.ca\/fr\/a-propos\/","name":"Financial Planners in Montreal | Pro Health Financial","isPartOf":{"@id":"https:\/\/prohealthfinancial.ca\/#website"},"primaryImageOfPage":{"@id":"https:\/\/prohealthfinancial.ca\/fr\/a-propos\/#primaryimage"},"image":{"@id":"https:\/\/prohealthfinancial.ca\/fr\/a-propos\/#primaryimage"},"thumbnailUrl":"https:\/\/prohealthfinancial.ca\/wp-content\/uploads\/sites\/29\/2021\/01\/White-top-1920x200px.png","datePublished":"2022-05-26T20:56:58+00:00","description":"We pride ourselves on being your financial planners in Montreal providing education and solutions for your financial freedom.","breadcrumb":{"@id":"https:\/\/prohealthfinancial.ca\/fr\/a-propos\/#breadcrumb"},"inLanguage":"fr-FR","potentialAction":[{"@type":"ReadAction","target":["https:\/\/prohealthfinancial.ca\/fr\/a-propos\/"]}]},{"@type":"ImageObject","inLanguage":"fr-FR","@id":"https:\/\/prohealthfinancial.ca\/fr\/a-propos\/#primaryimage","url":"https:\/\/prohealthfinancial.ca\/wp-content\/uploads\/sites\/29\/2021\/01\/White-top-1920x200px.png","contentUrl":"https:\/\/prohealthfinancial.ca\/wp-content\/uploads\/sites\/29\/2021\/01\/White-top-1920x200px.png"},{"@type":"BreadcrumbList","@id":"https:\/\/prohealthfinancial.ca\/fr\/a-propos\/#breadcrumb","itemListElement":[{"@type":"ListItem","position":1,"name":"Home","item":"https:\/\/prohealthfinancial.ca\/fr\/fr-accueil\/"},{"@type":"ListItem","position":2,"name":"\u00c0 propos"}]},{"@type":"WebSite","@id":"https:\/\/prohealthfinancial.ca\/#website","url":"https:\/\/prohealthfinancial.ca\/","name":"Pro Health Financial","description":"Pro Health Financial","potentialAction":[{"@type":"SearchAction","target":{"@type":"EntryPoint","urlTemplate":"https:\/\/prohealthfinancial.ca\/?s={search_term_string}"},"query-input":{"@type":"PropertyValueSpecification","valueRequired":true,"valueName":"search_term_string"}}],"inLanguage":"fr-FR"}]}},"_links":{"self":[{"href":"https:\/\/prohealthfinancial.ca\/fr\/wp-json\/wp\/v2\/pages\/4750","targetHints":{"allow":["GET"]}}],"collection":[{"href":"https:\/\/prohealthfinancial.ca\/fr\/wp-json\/wp\/v2\/pages"}],"about":[{"href":"https:\/\/prohealthfinancial.ca\/fr\/wp-json\/wp\/v2\/types\/page"}],"author":[{"embeddable":true,"href":"https:\/\/prohealthfinancial.ca\/fr\/wp-json\/wp\/v2\/users\/6"}],"replies":[{"embeddable":true,"href":"https:\/\/prohealthfinancial.ca\/fr\/wp-json\/wp\/v2\/comments?post=4750"}],"version-history":[{"count":3,"href":"https:\/\/prohealthfinancial.ca\/fr\/wp-json\/wp\/v2\/pages\/4750\/revisions"}],"predecessor-version":[{"id":4781,"href":"https:\/\/prohealthfinancial.ca\/fr\/wp-json\/wp\/v2\/pages\/4750\/revisions\/4781"}],"wp:attachment":[{"href":"https:\/\/prohealthfinancial.ca\/fr\/wp-json\/wp\/v2\/media?parent=4750"}],"curies":[{"name":"wp","href":"https:\/\/api.w.org\/{rel}","templated":true}]}}