{"id":4783,"date":"2022-05-26T16:59:51","date_gmt":"2022-05-26T20:59:51","guid":{"rendered":"https:\/\/prohealthfinancial.ca\/?page_id=4783"},"modified":"2022-05-31T13:14:23","modified_gmt":"2022-05-31T17:14:23","slug":"demande-de-consultation","status":"publish","type":"page","link":"https:\/\/prohealthfinancial.ca\/fr\/demande-de-consultation\/","title":{"rendered":"Demande de Consultation"},"content":{"rendered":"\n\n\t<h1>\n\t\t\t\tConsultation\n\t\t\t<\/h1>\n\t\t\t<p>Notre \u00e9quipe est disponible pour une consultation financi\u00e8re \u00e0 tout moment et \u00e0 n&rsquo;importe quel endroit que nos clients souhaitent. Nos services de consultation, tout comme nos services financiers, sont personnalis\u00e9s pour r\u00e9pondre \u00e0 vos besoins individuels. Rassurez-vous, que peu importe l&rsquo;endroit de notre r\u00e9union, Elle peut \u00eatre \u00e0 nos bureaux comme au bar du court de Squash, nous nous engageons tous et \u00e0 tout moment d&rsquo;assurer le succ\u00e8s et la long\u00e9vit\u00e9 de votre sant\u00e9 financi\u00e8re. Contactez-nous d\u00e8s aujourd&rsquo;hui pour une consultation financi\u00e8re \u00e0 Montr\u00e9al.<\/p>\t\n\t\t<img decoding=\"async\" src=\"https:\/\/carteblanche.media\/prohealth\/wp-content\/uploads\/sites\/29\/2021\/01\/Bg-Green2-1920x200px.png\" alt=\"Bg-Green2-1920x200px\" itemprop=\"image\"\/>\n\t\t<img decoding=\"async\" src=\"https:\/\/carteblanche.media\/prohealth\/wp-content\/uploads\/sites\/29\/2021\/01\/White-top-1920x200px.png\" alt=\"White-top-1920x200px\" itemprop=\"image\"\/>\n\t<div class=\"forminator-ui forminator-custom-form forminator-custom-form-4226 forminator-design--material  forminator_ajax\" data-forminator-render=\"0\" data-form=\"forminator-module-4226\" data-uid=\"69db7393d635b\"><br\/><\/div><form\r\n\t\t\t\tid=\"forminator-module-4226\"\r\n\t\t\t\tclass=\"forminator-ui forminator-custom-form forminator-custom-form-4226 forminator-design--material  forminator_ajax\"\r\n\t\t\t\tmethod=\"post\"\r\n\t\t\t\tdata-forminator-render=\"0\"\r\n\t\t\t\tdata-form-id=\"4226\"\r\n\t\t\t\t data-color-option=\"default\" data-design=\"material\" data-grid=\"open\" style=\"display: none;\"\r\n\t\t\t\tdata-uid=\"69db7393d635b\"\r\n\t\t\t><div role=\"alert\" aria-live=\"polite\" class=\"forminator-response-message forminator-error\" aria-hidden=\"true\"><\/div><div class=\"forminator-row\"><div id=\"name-1\" class=\"forminator-field-name forminator-col forminator-col-12 \"><div class=\"forminator-field\"><label for=\"forminator-field-name-1_69db7393d635b\" id=\"forminator-field-name-1_69db7393d635b-label\" class=\"forminator-label\">Nom <span class=\"forminator-required\">*<\/span><\/label><input type=\"text\" name=\"name-1\" value=\"\" placeholder=\"Ex. Jean Lemay\" id=\"forminator-field-name-1_69db7393d635b\" class=\"forminator-input forminator-name--field\" aria-required=\"true\" autocomplete=\"name\" \/><\/div><\/div><\/div><div class=\"forminator-row\"><div id=\"phone-1\" class=\"forminator-field-phone forminator-col forminator-col-12 \"><div class=\"forminator-field\"><label for=\"forminator-field-phone-1_69db7393d635b\" id=\"forminator-field-phone-1_69db7393d635b-label\" class=\"forminator-label\">Num\u00e9ro de t\u00e9l\u00e9phone<\/label><input type=\"text\" name=\"phone-1\" value=\"\" placeholder=\"Ex. 5144005000\" id=\"forminator-field-phone-1_69db7393d635b\" class=\"forminator-input forminator-field--phone\" data-required=\"\" aria-required=\"false\" autocomplete=\"off\" \/><\/div><\/div><\/div><div class=\"forminator-row\"><div id=\"email-1\" class=\"forminator-field-email forminator-col forminator-col-12 \"><div class=\"forminator-field\"><label for=\"forminator-field-email-1_69db7393d635b\" id=\"forminator-field-email-1_69db7393d635b-label\" class=\"forminator-label\">Courriel <span class=\"forminator-required\">*<\/span><\/label><input type=\"email\" name=\"email-1\" value=\"\" placeholder=\"Ex: jean@lemay.com\" id=\"forminator-field-email-1_69db7393d635b\" class=\"forminator-input forminator-email--field\" data-required=\"true\" aria-required=\"true\" autocomplete=\"email\" \/><\/div><\/div><\/div><div class=\"forminator-row\"><div id=\"date-1\" class=\"forminator-field-date forminator-col forminator-col-12 \"><div class=\"forminator-field\"><label for=\"forminator-field-date-1-picker_69db7393d635b\" id=\"forminator-field-date-1-picker_69db7393d635b-label\" class=\"forminator-label\">Date de naissance<\/label><div class=\"forminator-input-with-icon\"><span class=\"forminator-icon-calendar\" aria-hidden=\"true\"><\/span><input autocomplete=\"off\" type=\"text\" size=\"1\" name=\"date-1\" value=\"\" placeholder=\"Choisir la date\" id=\"forminator-field-date-1-picker_69db7393d635b\" class=\"forminator-input forminator-datepicker\" data-required=\"\" data-format=\"dd\/mm\/yy\" data-restrict-type=\"\" data-restrict=\"\" data-start-year=\"1926\" data-end-year=\"2126\" data-past-dates=\"enable\" data-start-of-week=\"1\" data-start-date=\"\" data-end-date=\"\" data-start-field=\"\" data-end-field=\"\" data-start-offset=\"\" data-end-offset=\"\" data-disable-date=\"\" data-disable-range=\"\" \/><\/div><\/div><\/div><\/div><div class=\"forminator-row\"><div id=\"radio-1\" class=\"forminator-field-radio forminator-col forminator-col-12 \"><div role=\"radiogroup\" class=\"forminator-field\" aria-labelledby=\"forminator-radiogroup-radio-1-69db7393d635b-label\" aria-describedby=\"forminator-radiogroup-radio-1-69db7393d635b-description\"><span id=\"forminator-radiogroup-radio-1-69db7393d635b-label\" class=\"forminator-label\">Revenu <span class=\"forminator-required\">*<\/span><\/span><label id=\"forminator-field-radio-1-label-1\" for=\"forminator-field-radio-1-1-69db7393d635b\" class=\"forminator-radio\" title=\"50k-100k\"><input type=\"radio\" name=\"radio-1\" value=\"50k100k\" id=\"forminator-field-radio-1-1-69db7393d635b\" aria-labelledby=\"forminator-field-radio-1-label-1\" data-calculation=\"0\"   aria-describedby=\"forminator-field-radio-1-69db7393d635b-description\"\/><span class=\"forminator-radio-bullet\" aria-hidden=\"true\"><\/span><span class=\"forminator-radio-label\">50k-100k<\/span><\/label><label id=\"forminator-field-radio-1-label-2\" for=\"forminator-field-radio-1-2-69db7393d635b\" class=\"forminator-radio\" title=\"100k-200k\"><input type=\"radio\" name=\"radio-1\" value=\"100k200k\" id=\"forminator-field-radio-1-2-69db7393d635b\" aria-labelledby=\"forminator-field-radio-1-label-2\" data-calculation=\"0\"   aria-describedby=\"forminator-field-radio-1-69db7393d635b-description\"\/><span class=\"forminator-radio-bullet\" aria-hidden=\"true\"><\/span><span class=\"forminator-radio-label\">100k-200k<\/span><\/label><label id=\"forminator-field-radio-1-label-3\" for=\"forminator-field-radio-1-3-69db7393d635b\" class=\"forminator-radio\" title=\"250k +\"><input type=\"radio\" name=\"radio-1\" value=\"250k\" id=\"forminator-field-radio-1-3-69db7393d635b\" aria-labelledby=\"forminator-field-radio-1-label-3\" data-calculation=\"0\"   aria-describedby=\"forminator-field-radio-1-69db7393d635b-description\"\/><span class=\"forminator-radio-bullet\" aria-hidden=\"true\"><\/span><span class=\"forminator-radio-label\">250k +<\/span><\/label><span id=\"forminator-radiogroup-radio-1-69db7393d635b-description\" class=\"forminator-description\">Veuillez choisir 1<\/span><\/div><\/div><\/div><div class=\"forminator-row\"><div id=\"radio-3\" class=\"forminator-field-radio forminator-col forminator-col-6 \"><div role=\"radiogroup\" class=\"forminator-field\" aria-labelledby=\"forminator-radiogroup-radio-3-69db7393d635b-label\"><span id=\"forminator-radiogroup-radio-3-69db7393d635b-label\" class=\"forminator-label\">Avez-vous actuellement un portefeuille de placements?<\/span><label id=\"forminator-field-radio-3-label-1\" for=\"forminator-field-radio-3-1-69db7393d635b\" class=\"forminator-radio\" title=\"Oui\"><input type=\"radio\" name=\"radio-3\" value=\"Oui\" id=\"forminator-field-radio-3-1-69db7393d635b\" aria-labelledby=\"forminator-field-radio-3-label-1\" data-calculation=\"0\"  \/><span class=\"forminator-radio-bullet\" aria-hidden=\"true\"><\/span><span class=\"forminator-radio-label\">Oui<\/span><\/label><label id=\"forminator-field-radio-3-label-2\" for=\"forminator-field-radio-3-2-69db7393d635b\" class=\"forminator-radio\" title=\"Non\"><input type=\"radio\" name=\"radio-3\" value=\"Non\" id=\"forminator-field-radio-3-2-69db7393d635b\" aria-labelledby=\"forminator-field-radio-3-label-2\" data-calculation=\"0\"  \/><span class=\"forminator-radio-bullet\" aria-hidden=\"true\"><\/span><span class=\"forminator-radio-label\">Non<\/span><\/label><\/div><\/div><div id=\"radio-2\" class=\"forminator-field-radio forminator-col forminator-col-6 \"><div role=\"radiogroup\" class=\"forminator-field\" aria-labelledby=\"forminator-radiogroup-radio-2-69db7393d635b-label\"><span id=\"forminator-radiogroup-radio-2-69db7393d635b-label\" class=\"forminator-label\">Avez-vous actuellement un portefeuille d\u2019assurance? <span class=\"forminator-required\">*<\/span><\/span><label id=\"forminator-field-radio-2-label-1\" for=\"forminator-field-radio-2-1-69db7393d635b\" class=\"forminator-radio\" title=\"Oui\"><input type=\"radio\" name=\"radio-2\" value=\"Oui\" id=\"forminator-field-radio-2-1-69db7393d635b\" aria-labelledby=\"forminator-field-radio-2-label-1\" data-calculation=\"0\"  \/><span class=\"forminator-radio-bullet\" aria-hidden=\"true\"><\/span><span class=\"forminator-radio-label\">Oui<\/span><\/label><label id=\"forminator-field-radio-2-label-2\" for=\"forminator-field-radio-2-2-69db7393d635b\" class=\"forminator-radio\" title=\"Non\"><input type=\"radio\" name=\"radio-2\" value=\"Non\" id=\"forminator-field-radio-2-2-69db7393d635b\" aria-labelledby=\"forminator-field-radio-2-label-2\" data-calculation=\"0\"  \/><span class=\"forminator-radio-bullet\" aria-hidden=\"true\"><\/span><span class=\"forminator-radio-label\">Non<\/span><\/label><\/div><\/div><\/div><div class=\"forminator-row\"><div id=\"radio-5\" class=\"forminator-field-radio forminator-col forminator-col-6 \"><div role=\"radiogroup\" class=\"forminator-field\" aria-labelledby=\"forminator-radiogroup-radio-5-69db7393d635b-label\"><span id=\"forminator-radiogroup-radio-5-69db7393d635b-label\" class=\"forminator-label\">\u00cates-vous incorpor\u00e9?<\/span><label id=\"forminator-field-radio-5-label-1\" for=\"forminator-field-radio-5-1-69db7393d635b\" class=\"forminator-radio\" title=\"Oui\"><input type=\"radio\" name=\"radio-5\" value=\"Oui\" id=\"forminator-field-radio-5-1-69db7393d635b\" aria-labelledby=\"forminator-field-radio-5-label-1\" data-calculation=\"0\"  \/><span class=\"forminator-radio-bullet\" aria-hidden=\"true\"><\/span><span class=\"forminator-radio-label\">Oui<\/span><\/label><label id=\"forminator-field-radio-5-label-2\" for=\"forminator-field-radio-5-2-69db7393d635b\" class=\"forminator-radio\" title=\"Non\"><input type=\"radio\" name=\"radio-5\" value=\"Non\" id=\"forminator-field-radio-5-2-69db7393d635b\" aria-labelledby=\"forminator-field-radio-5-label-2\" data-calculation=\"0\"  \/><span class=\"forminator-radio-bullet\" aria-hidden=\"true\"><\/span><span class=\"forminator-radio-label\">Non<\/span><\/label><\/div><\/div><div id=\"radio-4\" class=\"forminator-field-radio forminator-col forminator-col-6 \"><div role=\"radiogroup\" class=\"forminator-field\" aria-labelledby=\"forminator-radiogroup-radio-4-69db7393d635b-label\"><span id=\"forminator-radiogroup-radio-4-69db7393d635b-label\" class=\"forminator-label\">Avez-vous un pr\u00eat hypoth\u00e9caire?<\/span><label id=\"forminator-field-radio-4-label-1\" for=\"forminator-field-radio-4-1-69db7393d635b\" class=\"forminator-radio\" title=\"Oui\"><input type=\"radio\" name=\"radio-4\" value=\"Oui\" id=\"forminator-field-radio-4-1-69db7393d635b\" aria-labelledby=\"forminator-field-radio-4-label-1\" data-calculation=\"0\"  \/><span class=\"forminator-radio-bullet\" aria-hidden=\"true\"><\/span><span class=\"forminator-radio-label\">Oui<\/span><\/label><label id=\"forminator-field-radio-4-label-2\" for=\"forminator-field-radio-4-2-69db7393d635b\" class=\"forminator-radio\" title=\"Non\"><input type=\"radio\" name=\"radio-4\" value=\"Non\" id=\"forminator-field-radio-4-2-69db7393d635b\" aria-labelledby=\"forminator-field-radio-4-label-2\" data-calculation=\"0\"  \/><span class=\"forminator-radio-bullet\" aria-hidden=\"true\"><\/span><span class=\"forminator-radio-label\">Non<\/span><\/label><\/div><\/div><\/div><div class=\"forminator-row\"><div id=\"select-1\" class=\"forminator-field-select forminator-col forminator-col-12 \"><div class=\"forminator-field\"><label for=\"forminator-form-4226__field--select-1_69db7393d635b\" id=\"forminator-form-4226__field--select-1_69db7393d635b-label\" class=\"forminator-label\">Choisir<\/label><select  id=\"forminator-form-4226__field--select-1_69db7393d635b\" class=\"forminator-select--field forminator-select2 forminator-select2-multiple\" data-required=\"\" name=\"select-1\" data-default-value=\"\" data-placeholder=\"Service d&#039;inter\u00eat\" data-search=\"false\" data-search-placeholder=\"Service d&#039;inter\u00eat\" data-checkbox=\"false\" data-allow-clear=\"false\" aria-labelledby=\"forminator-form-4226__field--select-1_69db7393d635b-label\"><option value=\"\"  >Service d&#039;inter\u00eat<\/option><option value=\"investing\"  data-calculation=\"0\">Investir<\/option><option value=\"Assurance\"  data-calculation=\"0\">Assurance<\/option><option value=\"Assurance-voyage\"  data-calculation=\"0\">Assurance voyage<\/option><option value=\"Planification-financi\u00e8re\"  data-calculation=\"0\">Planification financi\u00e8re<\/option><option value=\"Planification-successorale\"  data-calculation=\"0\">Planification successorale<\/option><\/select><\/div><\/div><\/div><div class=\"forminator-row\"><div id=\"textarea-1\" class=\"forminator-field-textarea forminator-col forminator-col-12 \"><div class=\"forminator-field\"><label for=\"forminator-field-textarea-1_69db7393d635b\" id=\"forminator-field-textarea-1_69db7393d635b-label\" class=\"forminator-label\">Message<\/label><textarea name=\"textarea-1\" placeholder=\"Enter your message...\" id=\"forminator-field-textarea-1_69db7393d635b\" class=\"forminator-textarea\" rows=\"6\" style=\"min-height:140px;\" maxlength=\"180\" ><\/textarea><span id=\"forminator-field-textarea-1_69db7393d635b-description\" class=\"forminator-description\"><span data-limit=\"180\" data-type=\"characters\" data-editor=\"\">0 \/ 180<\/span><\/span><\/div><\/div><\/div><div class=\"forminator-row\"><div id=\"captcha-1\" class=\"forminator-field-captcha forminator-col forminator-col-12 \"><div class=\"forminator-captcha-left forminator-g-recaptcha recaptcha-invisible\" data-theme=\"light\" data-badge=\"inline\" data-sitekey=\"6Ldud3AaAAAAAB1uQFw0mheJiZYFnXa_nzJ1sj_Y\" data-size=\"invisible\"><\/div> <\/div><\/div><input type=\"hidden\" name=\"referer_url\" value=\"\" \/><div class=\"forminator-row forminator-row-last\"><div class=\"forminator-col\"><div class=\"forminator-field\"><button class=\"forminator-button forminator-button-submit\"><span>Envoyer un message<\/span><span aria-hidden=\"true\"><\/span><\/button><\/div><\/div><\/div><input type=\"hidden\" id=\"forminator_nonce\" name=\"forminator_nonce\" value=\"24d288f2b1\" \/><input type=\"hidden\" name=\"_wp_http_referer\" value=\"\/fr\/wp-json\/wp\/v2\/pages\/4783\" \/><input type=\"hidden\" name=\"form_id\" value=\"4226\"><input type=\"hidden\" name=\"page_id\" value=\"4783\"><input type=\"hidden\" name=\"form_type\" value=\"default\"><input type=\"hidden\" name=\"current_url\" value=\"https:\/\/prohealthfinancial.ca\/fr\/demande-de-consultation\/\"><input type=\"hidden\" name=\"render_id\" value=\"0\"><input type=\"hidden\" name=\"action\" value=\"forminator_submit_form_custom-forms\"><\/form>\n\n","protected":false},"excerpt":{"rendered":"<p>Consultation Notre \u00e9quipe est disponible pour une consultation financi\u00e8re \u00e0 tout moment et \u00e0 n&rsquo;importe quel endroit que nos clients souhaitent. Nos services de consultation, tout comme nos services financiers, sont personnalis\u00e9s pour r\u00e9pondre \u00e0 vos besoins individuels. Rassurez-vous, que peu importe l&rsquo;endroit de notre r\u00e9union, Elle peut \u00eatre \u00e0 nos bureaux comme au bar&hellip;<\/p>\n","protected":false},"author":100,"featured_media":0,"parent":0,"menu_order":0,"comment_status":"closed","ping_status":"closed","template":"","meta":{"footnotes":""},"class_list":["post-4783","page","type-page","status-publish","hentry"],"yoast_head":"<!-- This site is optimized with the Yoast SEO plugin v26.8 - https:\/\/yoast.com\/product\/yoast-seo-wordpress\/ -->\n<title>Financial Consultation in Montreal | Pro Health Financial<\/title>\n<meta name=\"description\" content=\"Our team is committed to ensuring your financial success and longevity, wherever that may be. Book a financial consultation in Montreal today.\" \/>\n<meta name=\"robots\" content=\"index, follow, max-snippet:-1, max-image-preview:large, max-video-preview:-1\" \/>\n<link rel=\"canonical\" href=\"https:\/\/prohealthfinancial.ca\/fr\/demande-de-consultation\/\" \/>\n<meta property=\"og:locale\" content=\"fr_FR\" \/>\n<meta property=\"og:type\" content=\"article\" \/>\n<meta property=\"og:title\" content=\"Financial Consultation in Montreal | Pro Health Financial\" \/>\n<meta property=\"og:description\" content=\"Our team is committed to ensuring your financial success and longevity, wherever that may be. Book a financial consultation in Montreal today.\" \/>\n<meta property=\"og:url\" content=\"https:\/\/prohealthfinancial.ca\/fr\/demande-de-consultation\/\" \/>\n<meta property=\"og:site_name\" content=\"Pro Health Financial\" \/>\n<meta property=\"article:modified_time\" content=\"2022-05-31T17:14:23+00:00\" \/>\n<meta property=\"og:image\" content=\"https:\/\/carteblanche.media\/prohealth\/wp-content\/uploads\/sites\/29\/2021\/01\/Bg-Green2-1920x200px.png\" \/>\n<meta name=\"twitter:card\" content=\"summary_large_image\" \/>\n<meta name=\"twitter:label1\" content=\"Dur\u00e9e de lecture estim\u00e9e\" \/>\n\t<meta name=\"twitter:data1\" content=\"1 minute\" \/>\n<script type=\"application\/ld+json\" class=\"yoast-schema-graph\">{\"@context\":\"https:\/\/schema.org\",\"@graph\":[{\"@type\":\"WebPage\",\"@id\":\"https:\/\/prohealthfinancial.ca\/fr\/demande-de-consultation\/\",\"url\":\"https:\/\/prohealthfinancial.ca\/fr\/demande-de-consultation\/\",\"name\":\"Financial Consultation in Montreal | Pro Health Financial\",\"isPartOf\":{\"@id\":\"https:\/\/prohealthfinancial.ca\/#website\"},\"primaryImageOfPage\":{\"@id\":\"https:\/\/prohealthfinancial.ca\/fr\/demande-de-consultation\/#primaryimage\"},\"image\":{\"@id\":\"https:\/\/prohealthfinancial.ca\/fr\/demande-de-consultation\/#primaryimage\"},\"thumbnailUrl\":\"https:\/\/carteblanche.media\/prohealth\/wp-content\/uploads\/sites\/29\/2021\/01\/Bg-Green2-1920x200px.png\",\"datePublished\":\"2022-05-26T20:59:51+00:00\",\"dateModified\":\"2022-05-31T17:14:23+00:00\",\"description\":\"Our team is committed to ensuring your financial success and longevity, wherever that may be. Book a financial consultation in Montreal today.\",\"breadcrumb\":{\"@id\":\"https:\/\/prohealthfinancial.ca\/fr\/demande-de-consultation\/#breadcrumb\"},\"inLanguage\":\"fr-FR\",\"potentialAction\":[{\"@type\":\"ReadAction\",\"target\":[\"https:\/\/prohealthfinancial.ca\/fr\/demande-de-consultation\/\"]}]},{\"@type\":\"ImageObject\",\"inLanguage\":\"fr-FR\",\"@id\":\"https:\/\/prohealthfinancial.ca\/fr\/demande-de-consultation\/#primaryimage\",\"url\":\"https:\/\/carteblanche.media\/prohealth\/wp-content\/uploads\/sites\/29\/2021\/01\/Bg-Green2-1920x200px.png\",\"contentUrl\":\"https:\/\/carteblanche.media\/prohealth\/wp-content\/uploads\/sites\/29\/2021\/01\/Bg-Green2-1920x200px.png\"},{\"@type\":\"BreadcrumbList\",\"@id\":\"https:\/\/prohealthfinancial.ca\/fr\/demande-de-consultation\/#breadcrumb\",\"itemListElement\":[{\"@type\":\"ListItem\",\"position\":1,\"name\":\"Home\",\"item\":\"https:\/\/prohealthfinancial.ca\/fr\/fr-accueil\/\"},{\"@type\":\"ListItem\",\"position\":2,\"name\":\"Demande de Consultation\"}]},{\"@type\":\"WebSite\",\"@id\":\"https:\/\/prohealthfinancial.ca\/#website\",\"url\":\"https:\/\/prohealthfinancial.ca\/\",\"name\":\"Pro Health Financial\",\"description\":\"Pro Health Financial\",\"potentialAction\":[{\"@type\":\"SearchAction\",\"target\":{\"@type\":\"EntryPoint\",\"urlTemplate\":\"https:\/\/prohealthfinancial.ca\/?s={search_term_string}\"},\"query-input\":{\"@type\":\"PropertyValueSpecification\",\"valueRequired\":true,\"valueName\":\"search_term_string\"}}],\"inLanguage\":\"fr-FR\"}]}<\/script>\n<!-- \/ Yoast SEO plugin. -->","yoast_head_json":{"title":"Financial Consultation in Montreal | Pro Health Financial","description":"Our team is committed to ensuring your financial success and longevity, wherever that may be. Book a financial consultation in Montreal today.","robots":{"index":"index","follow":"follow","max-snippet":"max-snippet:-1","max-image-preview":"max-image-preview:large","max-video-preview":"max-video-preview:-1"},"canonical":"https:\/\/prohealthfinancial.ca\/fr\/demande-de-consultation\/","og_locale":"fr_FR","og_type":"article","og_title":"Financial Consultation in Montreal | Pro Health Financial","og_description":"Our team is committed to ensuring your financial success and longevity, wherever that may be. Book a financial consultation in Montreal today.","og_url":"https:\/\/prohealthfinancial.ca\/fr\/demande-de-consultation\/","og_site_name":"Pro Health Financial","article_modified_time":"2022-05-31T17:14:23+00:00","og_image":[{"url":"https:\/\/carteblanche.media\/prohealth\/wp-content\/uploads\/sites\/29\/2021\/01\/Bg-Green2-1920x200px.png","type":"","width":"","height":""}],"twitter_card":"summary_large_image","twitter_misc":{"Dur\u00e9e de lecture estim\u00e9e":"1 minute"},"schema":{"@context":"https:\/\/schema.org","@graph":[{"@type":"WebPage","@id":"https:\/\/prohealthfinancial.ca\/fr\/demande-de-consultation\/","url":"https:\/\/prohealthfinancial.ca\/fr\/demande-de-consultation\/","name":"Financial Consultation in Montreal | Pro Health Financial","isPartOf":{"@id":"https:\/\/prohealthfinancial.ca\/#website"},"primaryImageOfPage":{"@id":"https:\/\/prohealthfinancial.ca\/fr\/demande-de-consultation\/#primaryimage"},"image":{"@id":"https:\/\/prohealthfinancial.ca\/fr\/demande-de-consultation\/#primaryimage"},"thumbnailUrl":"https:\/\/carteblanche.media\/prohealth\/wp-content\/uploads\/sites\/29\/2021\/01\/Bg-Green2-1920x200px.png","datePublished":"2022-05-26T20:59:51+00:00","dateModified":"2022-05-31T17:14:23+00:00","description":"Our team is committed to ensuring your financial success and longevity, wherever that may be. Book a financial consultation in Montreal today.","breadcrumb":{"@id":"https:\/\/prohealthfinancial.ca\/fr\/demande-de-consultation\/#breadcrumb"},"inLanguage":"fr-FR","potentialAction":[{"@type":"ReadAction","target":["https:\/\/prohealthfinancial.ca\/fr\/demande-de-consultation\/"]}]},{"@type":"ImageObject","inLanguage":"fr-FR","@id":"https:\/\/prohealthfinancial.ca\/fr\/demande-de-consultation\/#primaryimage","url":"https:\/\/carteblanche.media\/prohealth\/wp-content\/uploads\/sites\/29\/2021\/01\/Bg-Green2-1920x200px.png","contentUrl":"https:\/\/carteblanche.media\/prohealth\/wp-content\/uploads\/sites\/29\/2021\/01\/Bg-Green2-1920x200px.png"},{"@type":"BreadcrumbList","@id":"https:\/\/prohealthfinancial.ca\/fr\/demande-de-consultation\/#breadcrumb","itemListElement":[{"@type":"ListItem","position":1,"name":"Home","item":"https:\/\/prohealthfinancial.ca\/fr\/fr-accueil\/"},{"@type":"ListItem","position":2,"name":"Demande de Consultation"}]},{"@type":"WebSite","@id":"https:\/\/prohealthfinancial.ca\/#website","url":"https:\/\/prohealthfinancial.ca\/","name":"Pro Health Financial","description":"Pro Health Financial","potentialAction":[{"@type":"SearchAction","target":{"@type":"EntryPoint","urlTemplate":"https:\/\/prohealthfinancial.ca\/?s={search_term_string}"},"query-input":{"@type":"PropertyValueSpecification","valueRequired":true,"valueName":"search_term_string"}}],"inLanguage":"fr-FR"}]}},"_links":{"self":[{"href":"https:\/\/prohealthfinancial.ca\/fr\/wp-json\/wp\/v2\/pages\/4783","targetHints":{"allow":["GET"]}}],"collection":[{"href":"https:\/\/prohealthfinancial.ca\/fr\/wp-json\/wp\/v2\/pages"}],"about":[{"href":"https:\/\/prohealthfinancial.ca\/fr\/wp-json\/wp\/v2\/types\/page"}],"author":[{"embeddable":true,"href":"https:\/\/prohealthfinancial.ca\/fr\/wp-json\/wp\/v2\/users\/100"}],"replies":[{"embeddable":true,"href":"https:\/\/prohealthfinancial.ca\/fr\/wp-json\/wp\/v2\/comments?post=4783"}],"version-history":[{"count":3,"href":"https:\/\/prohealthfinancial.ca\/fr\/wp-json\/wp\/v2\/pages\/4783\/revisions"}],"predecessor-version":[{"id":4985,"href":"https:\/\/prohealthfinancial.ca\/fr\/wp-json\/wp\/v2\/pages\/4783\/revisions\/4985"}],"wp:attachment":[{"href":"https:\/\/prohealthfinancial.ca\/fr\/wp-json\/wp\/v2\/media?parent=4783"}],"curies":[{"name":"wp","href":"https:\/\/api.w.org\/{rel}","templated":true}]}}