{"id":4878,"date":"2022-05-31T12:34:54","date_gmt":"2022-05-31T16:34:54","guid":{"rendered":"https:\/\/prohealthfinancial.ca\/?page_id=4878"},"modified":"2022-05-31T12:36:22","modified_gmt":"2022-05-31T16:36:22","slug":"services-financiers-entreprises","status":"publish","type":"page","link":"https:\/\/prohealthfinancial.ca\/fr\/services-financiers-entreprises\/","title":{"rendered":"Services financiers aux entreprises"},"content":{"rendered":"\n<h1>\n\t\tServices financiers aux entreprises\n\t<\/h1>\n\t<p>En tant que propri\u00e9taire d&rsquo;entreprise, il est primordial de pr\u00e9server en tout temps la viabilit\u00e9 de la soci\u00e9t\u00e9, tout en assurant son avenir financier. L&rsquo;utilisation de l&rsquo;entreprise comme moteur de cr\u00e9ation de richesse demeure le sc\u00e9nario optimal pour tout entrepreneur, car ceci permet \u00e0 la soci\u00e9t\u00e9 de s&rsquo;autofinancer et de se d\u00e9velopper pendant que l&rsquo;entrepreneur r\u00e9colte les avantages et les r\u00e9compenses personnels. Nos services financiers aux entreprises permettent \u00e0 votre soci\u00e9t\u00e9 d&rsquo;atteindre tous ces objectifs en vous aidant \u00e0 les r\u00e9aliser.<\/p>\n<p><strong>Les quatre principales priorit\u00e9s des clients fortun\u00e9s:<\/strong><\/p>\n1) Avoir recours \u00e0 des consultants pour la planification, l&rsquo;encadrement et les conseils<br \/>\n2) Avoir un r\u00e9seau de r\u00e9f\u00e9rence tr\u00e8s solide<br \/>\n3) Avoir acc\u00e8s aux march\u00e9s cl\u00e9s et aux strat\u00e9gies d&rsquo;investissement alternatives<br \/>\n4) Prioriser la communication transparente et claire\n<p>Avec nous, le succ\u00e8s et la long\u00e9vit\u00e9 de votre entreprise sont assur\u00e9s puisqu&rsquo;ils se trouvent entre de bonnes mains.<\/p>\n\t\t<img decoding=\"async\" src=\"https:\/\/carteblanche.media\/prohealth\/wp-content\/uploads\/sites\/29\/2021\/01\/White-top-1920x200px.png\" alt=\"White-top-1920x200px\" itemprop=\"image\"\/>\n\t\t<h2>Notre \u00e9nonc\u00e9 de mission<\/h2>\n\t\t\t<p>En tant qu&rsquo;entrepreneurs, nous sommes conscients des pressions qu&rsquo;impliquent la cr\u00e9ation et le maintien d&rsquo;une entreprise rentable. Ceci implique des heures de travail sans fin, un stress constant et un flot incessant de pr\u00e9occupations, notamment de derni\u00e8re minute, qui ne cessent de submerger et menacer la tranquillit\u00e9 d&rsquo;un propri\u00e9taire de petite ou moyenne entreprise. En effet, l&#8217;emploi ind\u00e9pendant comporte un lourd fardeau et un risque maximal, notamment l&rsquo;inexistence d&rsquo;hi\u00e9rarchie au sein de l&rsquo;entreprise ou de r\u00e9gimes de protection implant\u00e9s par l&#8217;employeur.<\/p>\n<p>Lorsque nous d\u00e9marrons une nouvelle entreprise ou que nous essayons d&rsquo;en renforcer une d\u00e9j\u00e0 existante, nous reconnaissons le besoin essentiel de conseils d&rsquo;experts et d&rsquo;orientation financi\u00e8re. Nos conseillers en gestion de patrimoine et en risques peuvent vous aider \u00e0 all\u00e9ger le fardeau de la gestion de votre entreprise gr\u00e2ce \u00e0 une planification proactive plut\u00f4t que r\u00e9active<strong>. <\/strong>En tant que sp\u00e9cialistes des plans d&rsquo;affaires de petites et moyennes entreprises, nous sommes l\u00e0 pour vous \u00e9duquer et vous aider \u00e0 construire une base solide, sur laquelle non seulement votre entreprise se d\u00e9veloppera, mais r\u00e9sistera \u00e0 l&rsquo;\u00e9preuve du temps.<\/p>\n<p>Avec les bons outils, nos clients peuvent prot\u00e9ger ce qu&rsquo;ils b\u00e2tissent actuellement, garantissant ainsi une entreprise prosp\u00e8re qu&rsquo;ils pourront l\u00e9guer \u00e0 leurs futurs successeurs. Nous avons aid\u00e9 \u00e0 titre d&rsquo;exemple, de nombreux professionnels de la sant\u00e9, autant le domaine m\u00e9dical et dentaire \u00e0 \u00e9tablir leur cabinet sur une base financi\u00e8re solide, avec une structure commerciale hautement rigoureuse.<\/p>\n\t\t<img decoding=\"async\" src=\"https:\/\/carteblanche.media\/prohealth\/wp-content\/uploads\/sites\/29\/2021\/01\/White-Green-1920x200px.png\" alt=\"White-Green-1920x200px\" itemprop=\"image\"\/>\n\t\t<img decoding=\"async\" src=\"https:\/\/carteblanche.media\/prohealth\/wp-content\/uploads\/sites\/29\/2021\/01\/Bg-Green2-1920x200px.png\" alt=\"Bg-Green2-1920x200px\" itemprop=\"image\"\/>\n\t\t<h2>Nos Services<\/h2>\n\t\t\n\t\t\t<ul>\n<li>Incorporation<\/li>\n<\/ul>\n<p>\u00a0<\/p>\n<ul>\n<li>Gestion des investissements\u00a0<\/li>\n<\/ul>\n<p>\u00a0<\/p>\n<ul>\n<li>Assurance vie<\/li>\n<\/ul>\n<p>\u00a0<\/p>\n<ul>\n<li>Assurance de partenariat (contrats achat\/vente)<\/li>\n<\/ul>\n<p>\u00a0<\/p>\n<ul>\n<li>Assurance \u00ab\u00a0employ\u00e9s essentiels\u00a0\u00bb<\/li>\n<\/ul>\n<p>\u00a0<\/p>\n<ul>\n<li>Assurance invalidit\u00e9<\/li>\n<\/ul>\n\t\t\n\t\t\t<ul>\n<li>Assurance maladies graves<\/li>\n<\/ul>\n<p>\u00a0<\/p>\n<ul>\n<li>R\u00e9gimes collectifs d&rsquo;assurance maladie et dentaire<\/li>\n<\/ul>\n<p>\u00a0<\/p>\n<ul>\n<li>Assurance voyage<\/li>\n<\/ul>\n<p>\u00a0<\/p>\n<ul>\n<li>Rentes<\/li>\n<\/ul>\n<p>\u00a0<\/p>\n<ul>\n<li>Gestion des pensions<\/li>\n<\/ul>\n<p>\u00a0<\/p>\n<ul>\n<li>Soins de longue dur\u00e9e<\/li>\n<\/ul>\n\t\t<img decoding=\"async\" src=\"https:\/\/carteblanche.media\/prohealth\/wp-content\/uploads\/sites\/29\/2021\/01\/White-Green-1920x200px.png\" alt=\"White-Green-1920x200px\" itemprop=\"image\"\/>\n<h3>\n\t\tDemander une consultation\n\t<\/h3>\n\t<p>Contacter l&rsquo;un de nos planificateurs financiers \u00e0 Montr\u00e9al.<\/p>\n\t\t\t<a href=\"https:\/\/prohealthfinancial.ca\/consultation\/\" target=\"_self\" role=\"button\" rel=\"noopener\">\n\t\t\t\t\t\t\tD\u00e9marrer\n\t\t\t\t\t<\/a>\n\t\t\t\t<img decoding=\"async\" src=\"https:\/\/prohealthfinancial.ca\/wp-content\/uploads\/sites\/29\/2021\/03\/Contact-Pro-Health-Financial-for-your-Economic-Needs-scaled.jpg\" alt=\"Contact-Pro-Health-Financial-for-your-Economic-Needs\" title=\"Contact-Pro-Health-Financial-for-your-Economic-Needs\" itemprop=\"image\"  \/>\n\n","protected":false},"excerpt":{"rendered":"<p>Services financiers aux entreprises En tant que propri\u00e9taire d&rsquo;entreprise, il est primordial de pr\u00e9server en tout temps la viabilit\u00e9 de la soci\u00e9t\u00e9, tout en assurant son avenir financier. L&rsquo;utilisation de l&rsquo;entreprise comme moteur de cr\u00e9ation de richesse demeure le sc\u00e9nario optimal pour tout entrepreneur, car ceci permet \u00e0 la soci\u00e9t\u00e9 de s&rsquo;autofinancer et de se&hellip;<\/p>\n","protected":false},"author":100,"featured_media":0,"parent":0,"menu_order":0,"comment_status":"closed","ping_status":"closed","template":"","meta":{"footnotes":""},"class_list":["post-4878","page","type-page","status-publish","hentry"],"yoast_head":"<!-- This site is optimized with the Yoast SEO plugin v26.8 - https:\/\/yoast.com\/product\/yoast-seo-wordpress\/ -->\n<title>Corporate Financial Services Montreal | Pro Health Financial<\/title>\n<meta name=\"description\" content=\"When starting a new business or trying to strengthen one, we recognize the essential need for corporate financial services.\" \/>\n<meta name=\"robots\" content=\"index, follow, max-snippet:-1, max-image-preview:large, max-video-preview:-1\" \/>\n<link rel=\"canonical\" href=\"https:\/\/prohealthfinancial.ca\/fr\/services-financiers-entreprises\/\" \/>\n<meta property=\"og:locale\" content=\"fr_FR\" \/>\n<meta property=\"og:type\" content=\"article\" \/>\n<meta property=\"og:title\" content=\"Corporate Financial Services Montreal | Pro Health Financial\" \/>\n<meta property=\"og:description\" content=\"When starting a new business or trying to strengthen one, we recognize the essential need for corporate financial services.\" \/>\n<meta property=\"og:url\" content=\"https:\/\/prohealthfinancial.ca\/fr\/services-financiers-entreprises\/\" \/>\n<meta property=\"og:site_name\" content=\"Pro Health Financial\" \/>\n<meta property=\"article:modified_time\" content=\"2022-05-31T16:36:22+00:00\" \/>\n<meta property=\"og:image\" content=\"https:\/\/carteblanche.media\/prohealth\/wp-content\/uploads\/sites\/29\/2021\/01\/White-top-1920x200px.png\" \/>\n<meta name=\"twitter:card\" content=\"summary_large_image\" \/>\n<meta name=\"twitter:label1\" content=\"Dur\u00e9e de lecture estim\u00e9e\" \/>\n\t<meta name=\"twitter:data1\" content=\"4 minutes\" \/>\n<script type=\"application\/ld+json\" class=\"yoast-schema-graph\">{\"@context\":\"https:\/\/schema.org\",\"@graph\":[{\"@type\":\"WebPage\",\"@id\":\"https:\/\/prohealthfinancial.ca\/fr\/services-financiers-entreprises\/\",\"url\":\"https:\/\/prohealthfinancial.ca\/fr\/services-financiers-entreprises\/\",\"name\":\"Corporate Financial Services Montreal | Pro Health Financial\",\"isPartOf\":{\"@id\":\"https:\/\/prohealthfinancial.ca\/#website\"},\"primaryImageOfPage\":{\"@id\":\"https:\/\/prohealthfinancial.ca\/fr\/services-financiers-entreprises\/#primaryimage\"},\"image\":{\"@id\":\"https:\/\/prohealthfinancial.ca\/fr\/services-financiers-entreprises\/#primaryimage\"},\"thumbnailUrl\":\"https:\/\/carteblanche.media\/prohealth\/wp-content\/uploads\/sites\/29\/2021\/01\/White-top-1920x200px.png\",\"datePublished\":\"2022-05-31T16:34:54+00:00\",\"dateModified\":\"2022-05-31T16:36:22+00:00\",\"description\":\"When starting a new business or trying to strengthen one, we recognize the essential need for corporate financial services.\",\"breadcrumb\":{\"@id\":\"https:\/\/prohealthfinancial.ca\/fr\/services-financiers-entreprises\/#breadcrumb\"},\"inLanguage\":\"fr-FR\",\"potentialAction\":[{\"@type\":\"ReadAction\",\"target\":[\"https:\/\/prohealthfinancial.ca\/fr\/services-financiers-entreprises\/\"]}]},{\"@type\":\"ImageObject\",\"inLanguage\":\"fr-FR\",\"@id\":\"https:\/\/prohealthfinancial.ca\/fr\/services-financiers-entreprises\/#primaryimage\",\"url\":\"https:\/\/carteblanche.media\/prohealth\/wp-content\/uploads\/sites\/29\/2021\/01\/White-top-1920x200px.png\",\"contentUrl\":\"https:\/\/carteblanche.media\/prohealth\/wp-content\/uploads\/sites\/29\/2021\/01\/White-top-1920x200px.png\"},{\"@type\":\"BreadcrumbList\",\"@id\":\"https:\/\/prohealthfinancial.ca\/fr\/services-financiers-entreprises\/#breadcrumb\",\"itemListElement\":[{\"@type\":\"ListItem\",\"position\":1,\"name\":\"Home\",\"item\":\"https:\/\/prohealthfinancial.ca\/fr\/fr-accueil\/\"},{\"@type\":\"ListItem\",\"position\":2,\"name\":\"Services financiers aux entreprises\"}]},{\"@type\":\"WebSite\",\"@id\":\"https:\/\/prohealthfinancial.ca\/#website\",\"url\":\"https:\/\/prohealthfinancial.ca\/\",\"name\":\"Pro Health Financial\",\"description\":\"Pro Health Financial\",\"potentialAction\":[{\"@type\":\"SearchAction\",\"target\":{\"@type\":\"EntryPoint\",\"urlTemplate\":\"https:\/\/prohealthfinancial.ca\/?s={search_term_string}\"},\"query-input\":{\"@type\":\"PropertyValueSpecification\",\"valueRequired\":true,\"valueName\":\"search_term_string\"}}],\"inLanguage\":\"fr-FR\"}]}<\/script>\n<!-- \/ Yoast SEO plugin. -->","yoast_head_json":{"title":"Corporate Financial Services Montreal | Pro Health Financial","description":"When starting a new business or trying to strengthen one, we recognize the essential need for corporate financial services.","robots":{"index":"index","follow":"follow","max-snippet":"max-snippet:-1","max-image-preview":"max-image-preview:large","max-video-preview":"max-video-preview:-1"},"canonical":"https:\/\/prohealthfinancial.ca\/fr\/services-financiers-entreprises\/","og_locale":"fr_FR","og_type":"article","og_title":"Corporate Financial Services Montreal | Pro Health Financial","og_description":"When starting a new business or trying to strengthen one, we recognize the essential need for corporate financial services.","og_url":"https:\/\/prohealthfinancial.ca\/fr\/services-financiers-entreprises\/","og_site_name":"Pro Health Financial","article_modified_time":"2022-05-31T16:36:22+00:00","og_image":[{"url":"https:\/\/carteblanche.media\/prohealth\/wp-content\/uploads\/sites\/29\/2021\/01\/White-top-1920x200px.png","type":"","width":"","height":""}],"twitter_card":"summary_large_image","twitter_misc":{"Dur\u00e9e de lecture estim\u00e9e":"4 minutes"},"schema":{"@context":"https:\/\/schema.org","@graph":[{"@type":"WebPage","@id":"https:\/\/prohealthfinancial.ca\/fr\/services-financiers-entreprises\/","url":"https:\/\/prohealthfinancial.ca\/fr\/services-financiers-entreprises\/","name":"Corporate Financial Services Montreal | Pro Health Financial","isPartOf":{"@id":"https:\/\/prohealthfinancial.ca\/#website"},"primaryImageOfPage":{"@id":"https:\/\/prohealthfinancial.ca\/fr\/services-financiers-entreprises\/#primaryimage"},"image":{"@id":"https:\/\/prohealthfinancial.ca\/fr\/services-financiers-entreprises\/#primaryimage"},"thumbnailUrl":"https:\/\/carteblanche.media\/prohealth\/wp-content\/uploads\/sites\/29\/2021\/01\/White-top-1920x200px.png","datePublished":"2022-05-31T16:34:54+00:00","dateModified":"2022-05-31T16:36:22+00:00","description":"When starting a new business or trying to strengthen one, we recognize the essential need for corporate financial services.","breadcrumb":{"@id":"https:\/\/prohealthfinancial.ca\/fr\/services-financiers-entreprises\/#breadcrumb"},"inLanguage":"fr-FR","potentialAction":[{"@type":"ReadAction","target":["https:\/\/prohealthfinancial.ca\/fr\/services-financiers-entreprises\/"]}]},{"@type":"ImageObject","inLanguage":"fr-FR","@id":"https:\/\/prohealthfinancial.ca\/fr\/services-financiers-entreprises\/#primaryimage","url":"https:\/\/carteblanche.media\/prohealth\/wp-content\/uploads\/sites\/29\/2021\/01\/White-top-1920x200px.png","contentUrl":"https:\/\/carteblanche.media\/prohealth\/wp-content\/uploads\/sites\/29\/2021\/01\/White-top-1920x200px.png"},{"@type":"BreadcrumbList","@id":"https:\/\/prohealthfinancial.ca\/fr\/services-financiers-entreprises\/#breadcrumb","itemListElement":[{"@type":"ListItem","position":1,"name":"Home","item":"https:\/\/prohealthfinancial.ca\/fr\/fr-accueil\/"},{"@type":"ListItem","position":2,"name":"Services financiers aux entreprises"}]},{"@type":"WebSite","@id":"https:\/\/prohealthfinancial.ca\/#website","url":"https:\/\/prohealthfinancial.ca\/","name":"Pro Health Financial","description":"Pro Health Financial","potentialAction":[{"@type":"SearchAction","target":{"@type":"EntryPoint","urlTemplate":"https:\/\/prohealthfinancial.ca\/?s={search_term_string}"},"query-input":{"@type":"PropertyValueSpecification","valueRequired":true,"valueName":"search_term_string"}}],"inLanguage":"fr-FR"}]}},"_links":{"self":[{"href":"https:\/\/prohealthfinancial.ca\/fr\/wp-json\/wp\/v2\/pages\/4878","targetHints":{"allow":["GET"]}}],"collection":[{"href":"https:\/\/prohealthfinancial.ca\/fr\/wp-json\/wp\/v2\/pages"}],"about":[{"href":"https:\/\/prohealthfinancial.ca\/fr\/wp-json\/wp\/v2\/types\/page"}],"author":[{"embeddable":true,"href":"https:\/\/prohealthfinancial.ca\/fr\/wp-json\/wp\/v2\/users\/100"}],"replies":[{"embeddable":true,"href":"https:\/\/prohealthfinancial.ca\/fr\/wp-json\/wp\/v2\/comments?post=4878"}],"version-history":[{"count":2,"href":"https:\/\/prohealthfinancial.ca\/fr\/wp-json\/wp\/v2\/pages\/4878\/revisions"}],"predecessor-version":[{"id":4880,"href":"https:\/\/prohealthfinancial.ca\/fr\/wp-json\/wp\/v2\/pages\/4878\/revisions\/4880"}],"wp:attachment":[{"href":"https:\/\/prohealthfinancial.ca\/fr\/wp-json\/wp\/v2\/media?parent=4878"}],"curies":[{"name":"wp","href":"https:\/\/api.w.org\/{rel}","templated":true}]}}