{"id":4890,"date":"2022-05-31T12:37:01","date_gmt":"2022-05-31T16:37:01","guid":{"rendered":"https:\/\/prohealthfinancial.ca\/?page_id=4890"},"modified":"2022-05-31T12:55:25","modified_gmt":"2022-05-31T16:55:25","slug":"services-personels","status":"publish","type":"page","link":"https:\/\/prohealthfinancial.ca\/fr\/services-personels\/","title":{"rendered":"Services personels"},"content":{"rendered":"\r\n\r\n\t<h1>\r\n\t\t\t\tPlanification financi\u00e8re\r\n\t\t\t<\/h1>\r\n\t<p>La planification financi\u00e8re personnelle de nos clients; la stabilit\u00e9, la viabilit\u00e9 et la long\u00e9vit\u00e9 de leur ind\u00e9pendance financi\u00e8re sont notre priorit\u00e9 absolue. Apr\u00e8s tout, la richesse sera g\u00e9r\u00e9e par des m\u00e9nages qui se concentrent sur la s\u00e9curit\u00e9 plut\u00f4t que la prosp\u00e9rit\u00e9. Nous croyons fermement que la richesse ne vient pas de ce que vous gagnez, mais de ce que vous faites avec ce que vous gagnez.<\/p>\r\n<p>Les quatre cl\u00e9s pour y parvenir\u00a0:<\/p>\r\n1) D\u00e9penser moins<br \/>\r\n2) \u00c9pargner plus<br \/>\r\n3) Investir judicieusement<br \/>\r\n4) G\u00e9rer le risque\r\n<p><strong>Nous nous engageons \u00e0 enseigner \u00e0 nos clients comment y parvenir rapidement et pleinement<\/strong>.<\/p>\r\n<p>Nous offrons \u00e9galement des conseils et des services touchant plusieurs autres aspects financiers pr\u00e9occupants, telles que l&rsquo;assurance personnalis\u00e9e pour des besoins sp\u00e9cifiques, ainsi que la planification de fin de vie en dignit\u00e9.<\/p>\r\n\t\t<img decoding=\"async\" src=\"https:\/\/carteblanche.media\/prohealth\/wp-content\/uploads\/sites\/29\/2021\/01\/White-top-1920x200px.png\" alt=\"White-top-1920x200px\" itemprop=\"image\"\/>\r\n\t\t<h2>Notre mission<\/h2>\r\n\t\t\t<p>Dans un cadre personnel et priv\u00e9, notre mission est d&rsquo;aider les professionnels en d\u00e9but de carri\u00e8re \u00e0 atteindre leurs objectifs d&rsquo;ind\u00e9pendance financi\u00e8re.<\/p>\r\n<p>Dans l&rsquo;\u00e9ventualit\u00e9 o\u00f9 vous d\u00e9cidez de vous lancer dans la qu\u00eate d&rsquo;accumuler les richesses, il est important de comprendre les pi\u00e8ges qui s&rsquo;y rattachent, notamment dans notre soci\u00e9t\u00e9 actuelle, en \u00e9volution rapide et bas\u00e9e sur le cr\u00e9dit. Il est tellement facile de tomber dans un gouffre financier si l&rsquo;on ne sait pas comment g\u00e9rer son argent, c&rsquo;est pourquoi il est imp\u00e9ratif de s&rsquo;informer pour prendre les bonnes d\u00e9cisions financi\u00e8res avant de se lancer.<\/p>\r\n<p>Nous sommes l\u00e0 pour vous aider \u00e0 le faire. En tant que \u00ab\u00a0entraineur priv\u00e9\u00a0\u00bb de votre sant\u00e9 financi\u00e8re, notre objectif est de vous faire faire des choix \u00e9clair\u00e9s qui vous aideront \u00e0 obtenir la maison et la voiture de vos r\u00eaves, \u00e0 prendre des vacances annuelles, \u00e0 assurer la s\u00e9curit\u00e9 de votre famille, \u00e0 financer votre \u0153uvre de bienfaisance pr\u00e9f\u00e9r\u00e9e et\/ou b\u00e2tir l&rsquo;h\u00e9ritage que vous souhaitez laisser derri\u00e8re vous.<\/p>\r\n\t\t<img decoding=\"async\" src=\"https:\/\/carteblanche.media\/prohealth\/wp-content\/uploads\/sites\/29\/2021\/01\/Bg-Green2-1920x200px.png\" alt=\"Bg-Green2-1920x200px\" itemprop=\"image\"\/>\r\n\t\t<h2>Votre plan d&rsquo;attaque<\/h2>\r\n\t\t\r\n\t\t\t<ul>\r\n<li>Orient\u00e9 vers les objectifs, Visez \u00e0 atteindre ceux qui vous concerne personnellement et professionnellement (Votre libert\u00e9 financi\u00e8re) &#8211; <strong>Travaillez parce que vous aimez ce que vous faites, et non pas parce que vous devez le faire.<\/strong><\/li>\r\n<\/ul>\r\n<ul>\r\n<li>Gestion des investissements<\/li>\r\n<\/ul>\r\n<ul>\r\n<li>Planification financi\u00e8re<\/li>\r\n<\/ul>\r\n<ul>\r\n<li>Recours \u00e0 des services bancaires priv\u00e9s, comme solutions<\/li>\r\n<\/ul>\r\n<ul>\r\n<li>Planification successorale<\/li>\r\n<\/ul>\r\n<ul>\r\n<li>Dons de bienfaisance \/ dons planifi\u00e9s<\/li>\r\n<\/ul>\r\n\t\t<img decoding=\"async\" src=\"https:\/\/carteblanche.media\/prohealth\/wp-content\/uploads\/sites\/29\/2021\/01\/White-Green-1920x200px.png\" alt=\"White-Green-1920x200px\" itemprop=\"image\"\/>\r\n\t<h2>\u00ab\u00a0On ne monte pas au niveau de nos attentes, on reste au niveau de nos connaissances\u00a0\u00bb<\/h2>\r\n<h3>Archilochus<\/h3>\r\n\t\t<img decoding=\"async\" src=\"https:\/\/carteblanche.media\/prohealth\/wp-content\/uploads\/sites\/29\/2021\/01\/White-top-1920x200px.png\" alt=\"White-top-1920x200px\" itemprop=\"image\"\/>\r\n\t\t<h2>Votre plan defensive<\/h2>\r\n\t<ul>\r\n<li>Remplacement de la dette et des revenus<\/li>\r\n<\/ul>\r\n<p>&nbsp;<\/p>\r\n<ul>\r\n<li>Gestion du patrimoine<\/li>\r\n<\/ul>\r\n<p>&nbsp;<\/p>\r\n<ul>\r\n<li>Planification de l&rsquo;h\u00e9ritage<\/li>\r\n<\/ul>\r\n<p>&nbsp;<\/p>\r\n<ul>\r\n<li>Pr\u00e9servation\/protection du patrimoine<\/li>\r\n<\/ul>\r\n<p>&nbsp;<\/p>\r\n<ul>\r\n<li>Transfert de patrimoine<\/li>\r\n<\/ul>\r\n<p>&nbsp;<\/p>\r\n<ul>\r\n<li>Remplacement de la valeur \u00e9conomique de rendement d&rsquo;une personne<\/li>\r\n<\/ul>\r\n<p>&nbsp;<\/p>\r\n<ul>\r\n<li>Paiement des droits de succession (imp\u00f4ts au d\u00e9c\u00e8s)<\/li>\r\n<\/ul>\r\n<p>&nbsp;<\/p>\r\n<ul>\r\n<li>Protection des entreprises contre les pertes financi\u00e8res &#8211; protection de la personne cl\u00e9 dans une entreprise<\/li>\r\n<\/ul>\r\n<p>&nbsp;<\/p>\r\n<ul>\r\n<li>Transfert de patrimoine \u00e0 la g\u00e9n\u00e9ration suivante<\/li>\r\n<\/ul>\r\n\t<ul>\r\n<li>Plan pour pr\u00e9server la dignit\u00e9 &#8211; Plan pour prot\u00e9ger la qualit\u00e9 de vie<\/li>\r\n<\/ul>\r\n<p>&nbsp;<\/p>\r\n<ul>\r\n<li>Solutions de protection du revenu<\/li>\r\n<\/ul>\r\n<p>&nbsp;<\/p>\r\n<ul>\r\n<li>Plan de protection de l&rsquo;\u00e9pargne<\/li>\r\n<\/ul>\r\n<p>&nbsp;<\/p>\r\n<ul>\r\n<li>Assurance habitation\/automobile<\/li>\r\n<\/ul>\r\n<p>&nbsp;<\/p>\r\n<ul>\r\n<li>Assurance invalidit\u00e9<\/li>\r\n<\/ul>\r\n<p>&nbsp;<\/p>\r\n<ul>\r\n<li>Protection contre les maladies graves<\/li>\r\n<\/ul>\r\n<p>&nbsp;<\/p>\r\n<ul>\r\n<li>Assurance voyage<\/li>\r\n<\/ul>\r\n<p>&nbsp;<\/p>\r\n<ul>\r\n<li>Assurance dentaire<\/li>\r\n<\/ul>\r\n<p>&nbsp;<\/p>\r\n<ul>\r\n<li>Plans de pension<\/li>\r\n<\/ul>\r\n\t\t<img decoding=\"async\" src=\"https:\/\/carteblanche.media\/prohealth\/wp-content\/uploads\/sites\/29\/2021\/01\/White-Green-1920x200px.png\" alt=\"White-Green-1920x200px\" itemprop=\"image\"\/>\r\n<h3>\r\n\t\tDemander une consultation\r\n\t<\/h3>\r\n\t<p>Contacter l&rsquo;un de nos planificateurs financiers \u00e0 Montr\u00e9al.<\/p>\r\n\t\t\t<a href=\"https:\/\/prohealthfinancial.ca\/consultation\/\" target=\"_self\" role=\"button\" rel=\"noopener\">\r\n\t\t\t\t\t\t\tD\u00e9marrer\r\n\t\t\t\t\t<\/a>\r\n\t\t\t\t<img decoding=\"async\" src=\"https:\/\/prohealthfinancial.ca\/wp-content\/uploads\/sites\/29\/2021\/03\/Contact-Pro-Health-Financial-for-your-Economic-Needs-scaled.jpg\" alt=\"Contact-Pro-Health-Financial-for-your-Economic-Needs\" title=\"Contact-Pro-Health-Financial-for-your-Economic-Needs\" itemprop=\"image\"  \/>\r\n\r\n","protected":false},"excerpt":{"rendered":"<p>Planification financi\u00e8re La planification financi\u00e8re personnelle de nos clients; la stabilit\u00e9, la viabilit\u00e9 et la long\u00e9vit\u00e9 de leur ind\u00e9pendance financi\u00e8re sont notre priorit\u00e9 absolue. Apr\u00e8s tout, la richesse sera g\u00e9r\u00e9e par des m\u00e9nages qui se concentrent sur la s\u00e9curit\u00e9 plut\u00f4t que la prosp\u00e9rit\u00e9. Nous croyons fermement que la richesse ne vient pas de ce que&hellip;<\/p>\n","protected":false},"author":6,"featured_media":0,"parent":0,"menu_order":0,"comment_status":"closed","ping_status":"closed","template":"","meta":{"footnotes":""},"class_list":["post-4890","page","type-page","status-publish","hentry"],"yoast_head":"<!-- This site is optimized with the Yoast SEO plugin v26.8 - https:\/\/yoast.com\/product\/yoast-seo-wordpress\/ -->\n<title>Financial Planning Montreal | Pro Health Financial<\/title>\n<meta name=\"description\" content=\"As the \u201cPersonal Trainer&quot; of your financial planning, we aim to have you make the choices that will help you build your dreams.\" \/>\n<meta name=\"robots\" content=\"index, follow, max-snippet:-1, max-image-preview:large, max-video-preview:-1\" \/>\n<link rel=\"canonical\" href=\"https:\/\/prohealthfinancial.ca\/fr\/services-personels\/\" \/>\n<meta property=\"og:locale\" content=\"fr_FR\" \/>\n<meta property=\"og:type\" content=\"article\" \/>\n<meta property=\"og:title\" content=\"Financial Planning Montreal | Pro Health Financial\" \/>\n<meta property=\"og:description\" content=\"As the \u201cPersonal Trainer&quot; of your financial planning, we aim to have you make the choices that will help you build your dreams.\" \/>\n<meta property=\"og:url\" content=\"https:\/\/prohealthfinancial.ca\/fr\/services-personels\/\" \/>\n<meta property=\"og:site_name\" content=\"Pro Health Financial\" \/>\n<meta property=\"article:modified_time\" content=\"2022-05-31T16:55:25+00:00\" \/>\n<meta property=\"og:image\" content=\"https:\/\/carteblanche.media\/prohealth\/wp-content\/uploads\/sites\/29\/2021\/01\/White-top-1920x200px.png\" \/>\n<meta name=\"twitter:card\" content=\"summary_large_image\" \/>\n<meta name=\"twitter:label1\" content=\"Dur\u00e9e de lecture estim\u00e9e\" \/>\n\t<meta name=\"twitter:data1\" content=\"4 minutes\" \/>\n<script type=\"application\/ld+json\" class=\"yoast-schema-graph\">{\"@context\":\"https:\/\/schema.org\",\"@graph\":[{\"@type\":\"WebPage\",\"@id\":\"https:\/\/prohealthfinancial.ca\/fr\/services-personels\/\",\"url\":\"https:\/\/prohealthfinancial.ca\/fr\/services-personels\/\",\"name\":\"Financial Planning Montreal | Pro Health Financial\",\"isPartOf\":{\"@id\":\"https:\/\/prohealthfinancial.ca\/#website\"},\"primaryImageOfPage\":{\"@id\":\"https:\/\/prohealthfinancial.ca\/fr\/services-personels\/#primaryimage\"},\"image\":{\"@id\":\"https:\/\/prohealthfinancial.ca\/fr\/services-personels\/#primaryimage\"},\"thumbnailUrl\":\"https:\/\/carteblanche.media\/prohealth\/wp-content\/uploads\/sites\/29\/2021\/01\/White-top-1920x200px.png\",\"datePublished\":\"2022-05-31T16:37:01+00:00\",\"dateModified\":\"2022-05-31T16:55:25+00:00\",\"description\":\"As the \u201cPersonal Trainer\\\" of your financial planning, we aim to have you make the choices that will help you build your dreams.\",\"breadcrumb\":{\"@id\":\"https:\/\/prohealthfinancial.ca\/fr\/services-personels\/#breadcrumb\"},\"inLanguage\":\"fr-FR\",\"potentialAction\":[{\"@type\":\"ReadAction\",\"target\":[\"https:\/\/prohealthfinancial.ca\/fr\/services-personels\/\"]}]},{\"@type\":\"ImageObject\",\"inLanguage\":\"fr-FR\",\"@id\":\"https:\/\/prohealthfinancial.ca\/fr\/services-personels\/#primaryimage\",\"url\":\"https:\/\/carteblanche.media\/prohealth\/wp-content\/uploads\/sites\/29\/2021\/01\/White-top-1920x200px.png\",\"contentUrl\":\"https:\/\/carteblanche.media\/prohealth\/wp-content\/uploads\/sites\/29\/2021\/01\/White-top-1920x200px.png\"},{\"@type\":\"BreadcrumbList\",\"@id\":\"https:\/\/prohealthfinancial.ca\/fr\/services-personels\/#breadcrumb\",\"itemListElement\":[{\"@type\":\"ListItem\",\"position\":1,\"name\":\"Home\",\"item\":\"https:\/\/prohealthfinancial.ca\/fr\/fr-accueil\/\"},{\"@type\":\"ListItem\",\"position\":2,\"name\":\"Services personels\"}]},{\"@type\":\"WebSite\",\"@id\":\"https:\/\/prohealthfinancial.ca\/#website\",\"url\":\"https:\/\/prohealthfinancial.ca\/\",\"name\":\"Pro Health Financial\",\"description\":\"Pro Health Financial\",\"potentialAction\":[{\"@type\":\"SearchAction\",\"target\":{\"@type\":\"EntryPoint\",\"urlTemplate\":\"https:\/\/prohealthfinancial.ca\/?s={search_term_string}\"},\"query-input\":{\"@type\":\"PropertyValueSpecification\",\"valueRequired\":true,\"valueName\":\"search_term_string\"}}],\"inLanguage\":\"fr-FR\"}]}<\/script>\n<!-- \/ Yoast SEO plugin. -->","yoast_head_json":{"title":"Financial Planning Montreal | Pro Health Financial","description":"As the \u201cPersonal Trainer\" of your financial planning, we aim to have you make the choices that will help you build your dreams.","robots":{"index":"index","follow":"follow","max-snippet":"max-snippet:-1","max-image-preview":"max-image-preview:large","max-video-preview":"max-video-preview:-1"},"canonical":"https:\/\/prohealthfinancial.ca\/fr\/services-personels\/","og_locale":"fr_FR","og_type":"article","og_title":"Financial Planning Montreal | Pro Health Financial","og_description":"As the \u201cPersonal Trainer\" of your financial planning, we aim to have you make the choices that will help you build your dreams.","og_url":"https:\/\/prohealthfinancial.ca\/fr\/services-personels\/","og_site_name":"Pro Health Financial","article_modified_time":"2022-05-31T16:55:25+00:00","og_image":[{"url":"https:\/\/carteblanche.media\/prohealth\/wp-content\/uploads\/sites\/29\/2021\/01\/White-top-1920x200px.png","type":"","width":"","height":""}],"twitter_card":"summary_large_image","twitter_misc":{"Dur\u00e9e de lecture estim\u00e9e":"4 minutes"},"schema":{"@context":"https:\/\/schema.org","@graph":[{"@type":"WebPage","@id":"https:\/\/prohealthfinancial.ca\/fr\/services-personels\/","url":"https:\/\/prohealthfinancial.ca\/fr\/services-personels\/","name":"Financial Planning Montreal | Pro Health Financial","isPartOf":{"@id":"https:\/\/prohealthfinancial.ca\/#website"},"primaryImageOfPage":{"@id":"https:\/\/prohealthfinancial.ca\/fr\/services-personels\/#primaryimage"},"image":{"@id":"https:\/\/prohealthfinancial.ca\/fr\/services-personels\/#primaryimage"},"thumbnailUrl":"https:\/\/carteblanche.media\/prohealth\/wp-content\/uploads\/sites\/29\/2021\/01\/White-top-1920x200px.png","datePublished":"2022-05-31T16:37:01+00:00","dateModified":"2022-05-31T16:55:25+00:00","description":"As the \u201cPersonal Trainer\" of your financial planning, we aim to have you make the choices that will help you build your dreams.","breadcrumb":{"@id":"https:\/\/prohealthfinancial.ca\/fr\/services-personels\/#breadcrumb"},"inLanguage":"fr-FR","potentialAction":[{"@type":"ReadAction","target":["https:\/\/prohealthfinancial.ca\/fr\/services-personels\/"]}]},{"@type":"ImageObject","inLanguage":"fr-FR","@id":"https:\/\/prohealthfinancial.ca\/fr\/services-personels\/#primaryimage","url":"https:\/\/carteblanche.media\/prohealth\/wp-content\/uploads\/sites\/29\/2021\/01\/White-top-1920x200px.png","contentUrl":"https:\/\/carteblanche.media\/prohealth\/wp-content\/uploads\/sites\/29\/2021\/01\/White-top-1920x200px.png"},{"@type":"BreadcrumbList","@id":"https:\/\/prohealthfinancial.ca\/fr\/services-personels\/#breadcrumb","itemListElement":[{"@type":"ListItem","position":1,"name":"Home","item":"https:\/\/prohealthfinancial.ca\/fr\/fr-accueil\/"},{"@type":"ListItem","position":2,"name":"Services personels"}]},{"@type":"WebSite","@id":"https:\/\/prohealthfinancial.ca\/#website","url":"https:\/\/prohealthfinancial.ca\/","name":"Pro Health Financial","description":"Pro Health Financial","potentialAction":[{"@type":"SearchAction","target":{"@type":"EntryPoint","urlTemplate":"https:\/\/prohealthfinancial.ca\/?s={search_term_string}"},"query-input":{"@type":"PropertyValueSpecification","valueRequired":true,"valueName":"search_term_string"}}],"inLanguage":"fr-FR"}]}},"_links":{"self":[{"href":"https:\/\/prohealthfinancial.ca\/fr\/wp-json\/wp\/v2\/pages\/4890","targetHints":{"allow":["GET"]}}],"collection":[{"href":"https:\/\/prohealthfinancial.ca\/fr\/wp-json\/wp\/v2\/pages"}],"about":[{"href":"https:\/\/prohealthfinancial.ca\/fr\/wp-json\/wp\/v2\/types\/page"}],"author":[{"embeddable":true,"href":"https:\/\/prohealthfinancial.ca\/fr\/wp-json\/wp\/v2\/users\/6"}],"replies":[{"embeddable":true,"href":"https:\/\/prohealthfinancial.ca\/fr\/wp-json\/wp\/v2\/comments?post=4890"}],"version-history":[{"count":2,"href":"https:\/\/prohealthfinancial.ca\/fr\/wp-json\/wp\/v2\/pages\/4890\/revisions"}],"predecessor-version":[{"id":4912,"href":"https:\/\/prohealthfinancial.ca\/fr\/wp-json\/wp\/v2\/pages\/4890\/revisions\/4912"}],"wp:attachment":[{"href":"https:\/\/prohealthfinancial.ca\/fr\/wp-json\/wp\/v2\/media?parent=4890"}],"curies":[{"name":"wp","href":"https:\/\/api.w.org\/{rel}","templated":true}]}}