{"id":4932,"date":"2022-05-31T13:04:53","date_gmt":"2022-05-31T17:04:53","guid":{"rendered":"https:\/\/prohealthfinancial.ca\/?page_id=4932"},"modified":"2026-01-04T20:28:47","modified_gmt":"2026-01-05T01:28:47","slug":"notre-equipe","status":"publish","type":"page","link":"https:\/\/prohealthfinancial.ca\/fr\/notre-equipe\/","title":{"rendered":"Notre \u00e9quipe"},"content":{"rendered":"\n<h1>\n\t\tConseillers financiers\n\t<\/h1>\n\t<p>Il semble que les conseillers financiers qui travaillent le plus efficacement ne parlent jamais au \u00ab\u00a0je\u00a0\u00bb. Ce n&rsquo;est pas parce qu&rsquo;ils se sont entra\u00een\u00e9s \u00e0 ne pas le faire. Ils ne pensent tout simplement pas au \u00ab\u00a0je\u00a0\u00bb. Ils pensent plut\u00f4t au \u00ab\u00a0nous\u00a0\u00bb. Ils pensent \u00ab\u00a0\u00e9quipe\u00a0\u00bb et comprennent que leur travail consiste \u00e0 faire fonctionner l&rsquo;\u00e9quipe. Ils acceptent cette responsabilit\u00e9, ne pouvant pas la contourner, sachant que c&rsquo;est le \u00ab\u00a0nous\u00a0\u00bb qui gagne en fin de compte&#8230; C&rsquo;est ce qui cr\u00e9e la confiance et permet \u00e0 une \u00e9quipe d&rsquo;accomplir rigoureusement ses t\u00e2ches.<\/p>\n\t\t<img decoding=\"async\" src=\"https:\/\/prohealthfinancial.ca\/wp-content\/uploads\/sites\/29\/2021\/01\/White-top-1920x200px.png\" alt=\"White-top-1920x200px\" itemprop=\"image\"\/>\n\t\t<h2>Rencontrez notre \u00e9quipe<\/h2>\n\t\t\t\t<img decoding=\"async\" src=\"https:\/\/prohealthfinancial.ca\/wp-content\/uploads\/sites\/29\/2021\/02\/Justin_Logo-01.jpg\" alt=\"investment planners montreal\" title=\"Justin_Logo-01\" itemprop=\"image\"  \/>\n\t\t<h4>Justin MassadFondateur &#8211; F.S.A. &#8211; Membre du MDRT<\/h4>\n\t\t\t<p>D\u00e8s son plus jeune \u00e2ge, Justin avait des standards et des attentes personnelles \u00e9lev\u00e9es. Passionn\u00e9 de sport et ancien joueur de baseball triple A, son amour pour le sport a \u00e9t\u00e9 malheureusement contraint lorsqu&rsquo;il a subi une blessure ; ce qui l&rsquo;a forc\u00e9 \u00e0 changer de carri\u00e8re. Il a d\u00e9cid\u00e9 donc de transf\u00e9rer son amour \u00e0 toute \u00e9preuve de l&rsquo;ind\u00e9pendance et sa passion du travail d&rsquo;\u00e9quipe, au domaine financier. Il a donc choisi de se sp\u00e9cialiser dans un domaine peu enviable mais d&rsquo;une importance capitale, le conseil en risques financiers.<\/p>\n<p>Entrepreneur dans l&rsquo;industrie de l&rsquo;assurance et de la planification \u00e0 l&rsquo;\u00e2ge de 21 ans, mise \u00e0 part sa formation approfondie dans le domaine, Justin a pu b\u00e9n\u00e9ficier d&rsquo;exp\u00e9riences et de coaching de la part de conseillers chevronn\u00e9s en risques financiers ayant plus de 40 ans d&rsquo;exp\u00e9rience.\u00a0 Enfin, il a pu r\u00e9aliser son r\u00eave: &lsquo;guider ses clients vers leur ind\u00e9pendance financi\u00e8re et leur tranquillit\u00e9 d&rsquo;esprit.&rsquo; En tant que sportif, Justin a appris que \u00ab l&rsquo;on ne gagne que lorsque toute l&rsquo;\u00e9quipe gagne \u00bb, une philosophie qui explique son approche holistique des solutions patrimoniales globales, de l&rsquo;avenir de la famille et de la planification de l&rsquo;h\u00e9ritage. L&rsquo;\u00e9quipe de Justin, ayant la m\u00eame vision, sont des experts qui n&rsquo;ont qu&rsquo;un seul objectif en t\u00eate : &lsquo;votre enti\u00e8re ind\u00e9pendance et s\u00e9curit\u00e9 financi\u00e8re.&rsquo;<\/p>\n\t\t\t\t<img decoding=\"async\" src=\"https:\/\/prohealthfinancial.ca\/wp-content\/uploads\/sites\/29\/2021\/01\/Donal-Corkum-2.jpg\" alt=\"financial planners montreal\"\/>\n\t\t\t<p>En tant que conseiller en patrimoine, Donal guide une client\u00e8le fortun\u00e9e dans la gestion de ses affaires financi\u00e8res. Il aide les clients \u00e0 maintenir leur niveau de vie gr\u00e2ce \u00e0 des strat\u00e9gies d&rsquo;optimisation de la fiscalit\u00e9 et de la dette.<\/p>\n\t\t<h4>Donal Corkum<\/h4>\n\t\t\t<p>Conseiller en gestion de patrimoine, MBA &#8211; Planificateur financier<\/p>\n\t\t\t\t<img decoding=\"async\" src=\"https:\/\/prohealthfinancial.ca\/wp-content\/uploads\/sites\/29\/2021\/01\/Anthony-Siggia-3.jpg\" alt=\"financial planning montreal\"\/>\n\t\t\t<p>Les comp\u00e9tences relationnelles exceptionnelles d&rsquo;Anthony sont ax\u00e9es sur l&rsquo;analyse, la gestion de portefeuille, la planification des investissements, la retraite et la planification du cr\u00e9dit. Anthony poss\u00e8de \u00e9galement \u00e0 son actif une grande exp\u00e9rience en comptabilit\u00e9, principalement en droit fiscal et en services financiers.<\/p>\n\t\t<h4>Anthony Siggia<\/h4>\n\t\t\t<p>Banque priv\u00e9e, CPA<\/p>\n\t\t\t\t<img decoding=\"async\" src=\"https:\/\/prohealthfinancial.ca\/wp-content\/uploads\/sites\/29\/2021\/01\/Cathy-Nehme.jpg\" alt=\"financial planner montreal\"\/>\n\t\t\t<p>Cathy est avocate fiscaliste avec 16 ans d&rsquo;exp\u00e9rience en droit des soci\u00e9t\u00e9s et en droit fiscal. Elle travaille principalement avec les petites et moyennes entreprises, les entreprises en d\u00e9marrage, ainsi qu&rsquo;avec les professionnels de la sant\u00e9.<\/p>\n\t\t<h4>Cathy Nehme<\/h4>\n\t\t\t<p>Avocate en droit fiscal et Fiscaliste<\/p>\n\t\t\t\t<img decoding=\"async\" src=\"https:\/\/prohealthfinancial.ca\/wp-content\/uploads\/sites\/29\/2021\/01\/David-Pelchat-2.jpg\" alt=\"financial consultant montreal\"\/>\n\t\t\t<p>David dirige un important cabinet dans le domaine de l&rsquo;assurance et du conseil, offrant des services et conseils \u00e0 un large \u00e9ventail de client\u00e8le provenant de secteurs diversifi\u00e9s, notamment les soci\u00e9t\u00e9s d&rsquo;investissement, l&rsquo;immobilier, la construction, le transport, l&rsquo;alimentation et la vente au d\u00e9tail, ainsi que la fabrication et la distribution.<\/p>\n\t\t<h4>David Pelchat<\/h4>\n\t\t\t<p>Auditeur CPA, CA, TEP<\/p>\n\t\t\t\t<img decoding=\"async\" src=\"https:\/\/prohealthfinancial.ca\/wp-content\/uploads\/sites\/29\/2021\/01\/serge-assayag-2.jpg\" alt=\"estate planners montreal\"\/>\n\t\t\t<p>M. Assayag a d\u00e9velopp\u00e9 une grande expertise en mati\u00e8re de planification financi\u00e8re successorale, fiscale et corporative. Divers professionnels font souvent appel \u00e0 lui pour obtenir une opinion ind\u00e9pendante, des conseils et des solutions pour des situations complexes en planification financi\u00e8re.<\/p>\n\t\t<h4>Serge Assayag<\/h4>\n\t\t\t<p>Actuaire sp\u00e9cialiste en planification patrimoniale et successorale, consultant en cas complexes<\/p>\n\t\t\t\t<img decoding=\"async\" src=\"https:\/\/prohealthfinancial.ca\/wp-content\/uploads\/sites\/29\/2021\/01\/David-Chiazzese-8.jpg\" alt=\"insurance brokers montreal\"\/>\n\t\t\t<p>David est hautement qualifi\u00e9 en assurance et en planification strat\u00e9gique. Il se d\u00e9marque par ses grandes aptitudes en n\u00e9gociation, service \u00e0 la client\u00e8le et r\u00e9solutions de probl\u00e8mes. David est un professionnel rigoureux de la finance avec un A.E.C du CEGEP- Coll\u00e8ge John Abbott, portant principalement sur les assurances<\/p>\n\t\t<h4>David Chiazzese<\/h4>\n\t\t\t<p>Courtier en assurance commerciale, habitation et automobile<\/p>\n\t\t\t\t<img decoding=\"async\" src=\"https:\/\/prohealthfinancial.ca\/wp-content\/uploads\/sites\/29\/2021\/01\/Ryan-La-Haye-1.jpg\" alt=\"insurance broker montreal\"\/>\n\t\t\t<p>Ryan se donne comme mission, d&rsquo;innover le march\u00e9 hypoth\u00e9caire. Tout en partageant son expertise et sa passion pour son travail, Rayan prend le temps de d\u00e9velopper des relations de qualit\u00e9 avec ses clients, de par son \u00e9coute active, ses conseils judicieux, son int\u00e9grit\u00e9 et la confiance qu&rsquo;il d\u00e9gage. Atteindre les objectifs et d\u00e9passer les attentes sont parmi les valeurs les plus importantes pour lui. Tout ceci dans le but de toujours offrir une exp\u00e9rience client irr\u00e9prochable.<\/p>\n\t\t<h4>Ryan La Haye<\/h4>\n\t\t\t<p>Actuaire et Courtier hypoth\u00e9caire<\/p>\n\t\t\t\t<img decoding=\"async\" src=\"https:\/\/prohealthfinancial.ca\/wp-content\/uploads\/sites\/29\/2021\/01\/Danny-Boktor-Marketing-Strategist-e1611777089740.png\" alt=\"investment consulting montreal\"\/>\n\t\t\t<p>Passionn\u00e9 et cr\u00e9atif, Danny mise dans son travail sur un service de qualit\u00e9 et un aboutissement gagnant, fond\u00e9 sur les donn\u00e9es et orient\u00e9 vers les meilleurs r\u00e9sultats. Avec plus de 15 ans d&rsquo;exp\u00e9rience dans l&rsquo;image de marque et la g\u00e9n\u00e9ration de prospects par le biais du marketing en ligne, sa sp\u00e9cialit\u00e9 r\u00e9side dans l&rsquo;\u00e9valuation des besoins et le d\u00e9passement des objectifs.<\/p>\n\t\t<h4>Danny Boktor<\/h4>\n\t\t\t<p>Expert en Marketing et sp\u00e9cialiste de marque<\/p>\n\t\t\t\t<img decoding=\"async\" src=\"https:\/\/prohealthfinancial.ca\/wp-content\/uploads\/sites\/29\/2021\/07\/maria-luisa_square.jpg\" alt=\"maria-luisa_square\"\/>\n\t\t\t<br \/>\n\t\t<h4>Maria Luisa<\/h4>\n\t\t\t<p>Courtier hypoth\u00e9caire<\/p>\n\t\t<img decoding=\"async\" src=\"https:\/\/prohealthfinancial.ca\/wp-content\/uploads\/sites\/29\/2021\/01\/White-Green-1920x200px.png\" alt=\"White-Green-1920x200px\" itemprop=\"image\"\/>\n\t\t\t\t<img loading=\"lazy\" decoding=\"async\" src=\"https:\/\/prohealthfinancial.ca\/wp-content\/uploads\/sites\/29\/2021\/01\/Consultation-Img.png\" alt=\"investment planners montreal\" itemprop=\"image\" height=\"333\" width=\"510\" title=\"Consultation-Img\" onerror=\"this.style.display='none'\"  \/>\n\n","protected":false},"excerpt":{"rendered":"<p>Conseillers financiers Il semble que les conseillers financiers qui travaillent le plus efficacement ne parlent jamais au \u00ab\u00a0je\u00a0\u00bb. Ce n&rsquo;est pas parce qu&rsquo;ils se sont entra\u00een\u00e9s \u00e0 ne pas le faire. Ils ne pensent tout simplement pas au \u00ab\u00a0je\u00a0\u00bb. Ils pensent plut\u00f4t au \u00ab\u00a0nous\u00a0\u00bb. Ils pensent \u00ab\u00a0\u00e9quipe\u00a0\u00bb et comprennent que leur travail consiste \u00e0 faire&hellip;<\/p>\n","protected":false},"author":6,"featured_media":0,"parent":0,"menu_order":0,"comment_status":"closed","ping_status":"closed","template":"","meta":{"footnotes":""},"class_list":["post-4932","page","type-page","status-publish","hentry"],"yoast_head":"<!-- This site is optimized with the Yoast SEO plugin v26.8 - https:\/\/yoast.com\/product\/yoast-seo-wordpress\/ -->\n<title>Conseillers financiers \u00e0 Montreal | Pro Health Financial<\/title>\n<meta name=\"description\" content=\"Nos conseillers financiers n&#039;ont qu&#039;un seul objectif en t\u00eate : vous guider vers l&#039;atteinte de votre compl\u00e8te ind\u00e9pendance et s\u00e9curit\u00e9 financi\u00e8res.\" \/>\n<meta name=\"robots\" content=\"index, follow, max-snippet:-1, max-image-preview:large, max-video-preview:-1\" \/>\n<link rel=\"canonical\" href=\"https:\/\/prohealthfinancial.ca\/fr\/notre-equipe\/\" \/>\n<meta property=\"og:locale\" content=\"fr_FR\" \/>\n<meta property=\"og:type\" content=\"article\" \/>\n<meta property=\"og:title\" content=\"Conseillers financiers \u00e0 Montreal | Pro Health Financial\" \/>\n<meta property=\"og:description\" content=\"Nos conseillers financiers n&#039;ont qu&#039;un seul objectif en t\u00eate : vous guider vers l&#039;atteinte de votre compl\u00e8te ind\u00e9pendance et s\u00e9curit\u00e9 financi\u00e8res.\" \/>\n<meta property=\"og:url\" content=\"https:\/\/prohealthfinancial.ca\/fr\/notre-equipe\/\" \/>\n<meta property=\"og:site_name\" content=\"Pro Health Financial\" \/>\n<meta property=\"article:modified_time\" content=\"2026-01-05T01:28:47+00:00\" \/>\n<meta property=\"og:image\" content=\"https:\/\/prohealthfinancial.ca\/wp-content\/uploads\/sites\/29\/2021\/01\/White-top-1920x200px.png\" \/>\n<meta name=\"twitter:card\" content=\"summary_large_image\" \/>\n<meta name=\"twitter:label1\" content=\"Dur\u00e9e de lecture estim\u00e9e\" \/>\n\t<meta name=\"twitter:data1\" content=\"5 minutes\" \/>\n<script type=\"application\/ld+json\" class=\"yoast-schema-graph\">{\"@context\":\"https:\/\/schema.org\",\"@graph\":[{\"@type\":\"WebPage\",\"@id\":\"https:\/\/prohealthfinancial.ca\/fr\/notre-equipe\/\",\"url\":\"https:\/\/prohealthfinancial.ca\/fr\/notre-equipe\/\",\"name\":\"Conseillers financiers \u00e0 Montreal | Pro Health Financial\",\"isPartOf\":{\"@id\":\"https:\/\/prohealthfinancial.ca\/#website\"},\"primaryImageOfPage\":{\"@id\":\"https:\/\/prohealthfinancial.ca\/fr\/notre-equipe\/#primaryimage\"},\"image\":{\"@id\":\"https:\/\/prohealthfinancial.ca\/fr\/notre-equipe\/#primaryimage\"},\"thumbnailUrl\":\"https:\/\/prohealthfinancial.ca\/wp-content\/uploads\/sites\/29\/2021\/01\/White-top-1920x200px.png\",\"datePublished\":\"2022-05-31T17:04:53+00:00\",\"dateModified\":\"2026-01-05T01:28:47+00:00\",\"description\":\"Nos conseillers financiers n'ont qu'un seul objectif en t\u00eate : vous guider vers l'atteinte de votre compl\u00e8te ind\u00e9pendance et s\u00e9curit\u00e9 financi\u00e8res.\",\"breadcrumb\":{\"@id\":\"https:\/\/prohealthfinancial.ca\/fr\/notre-equipe\/#breadcrumb\"},\"inLanguage\":\"fr-FR\",\"potentialAction\":[{\"@type\":\"ReadAction\",\"target\":[\"https:\/\/prohealthfinancial.ca\/fr\/notre-equipe\/\"]}]},{\"@type\":\"ImageObject\",\"inLanguage\":\"fr-FR\",\"@id\":\"https:\/\/prohealthfinancial.ca\/fr\/notre-equipe\/#primaryimage\",\"url\":\"https:\/\/prohealthfinancial.ca\/wp-content\/uploads\/sites\/29\/2021\/01\/White-top-1920x200px.png\",\"contentUrl\":\"https:\/\/prohealthfinancial.ca\/wp-content\/uploads\/sites\/29\/2021\/01\/White-top-1920x200px.png\"},{\"@type\":\"BreadcrumbList\",\"@id\":\"https:\/\/prohealthfinancial.ca\/fr\/notre-equipe\/#breadcrumb\",\"itemListElement\":[{\"@type\":\"ListItem\",\"position\":1,\"name\":\"Home\",\"item\":\"https:\/\/prohealthfinancial.ca\/fr\/fr-accueil\/\"},{\"@type\":\"ListItem\",\"position\":2,\"name\":\"Notre \u00e9quipe\"}]},{\"@type\":\"WebSite\",\"@id\":\"https:\/\/prohealthfinancial.ca\/#website\",\"url\":\"https:\/\/prohealthfinancial.ca\/\",\"name\":\"Pro Health Financial\",\"description\":\"Pro Health Financial\",\"potentialAction\":[{\"@type\":\"SearchAction\",\"target\":{\"@type\":\"EntryPoint\",\"urlTemplate\":\"https:\/\/prohealthfinancial.ca\/?s={search_term_string}\"},\"query-input\":{\"@type\":\"PropertyValueSpecification\",\"valueRequired\":true,\"valueName\":\"search_term_string\"}}],\"inLanguage\":\"fr-FR\"}]}<\/script>\n<!-- \/ Yoast SEO plugin. -->","yoast_head_json":{"title":"Conseillers financiers \u00e0 Montreal | Pro Health Financial","description":"Nos conseillers financiers n'ont qu'un seul objectif en t\u00eate : vous guider vers l'atteinte de votre compl\u00e8te ind\u00e9pendance et s\u00e9curit\u00e9 financi\u00e8res.","robots":{"index":"index","follow":"follow","max-snippet":"max-snippet:-1","max-image-preview":"max-image-preview:large","max-video-preview":"max-video-preview:-1"},"canonical":"https:\/\/prohealthfinancial.ca\/fr\/notre-equipe\/","og_locale":"fr_FR","og_type":"article","og_title":"Conseillers financiers \u00e0 Montreal | Pro Health Financial","og_description":"Nos conseillers financiers n'ont qu'un seul objectif en t\u00eate : vous guider vers l'atteinte de votre compl\u00e8te ind\u00e9pendance et s\u00e9curit\u00e9 financi\u00e8res.","og_url":"https:\/\/prohealthfinancial.ca\/fr\/notre-equipe\/","og_site_name":"Pro Health Financial","article_modified_time":"2026-01-05T01:28:47+00:00","og_image":[{"url":"https:\/\/prohealthfinancial.ca\/wp-content\/uploads\/sites\/29\/2021\/01\/White-top-1920x200px.png","type":"","width":"","height":""}],"twitter_card":"summary_large_image","twitter_misc":{"Dur\u00e9e de lecture estim\u00e9e":"5 minutes"},"schema":{"@context":"https:\/\/schema.org","@graph":[{"@type":"WebPage","@id":"https:\/\/prohealthfinancial.ca\/fr\/notre-equipe\/","url":"https:\/\/prohealthfinancial.ca\/fr\/notre-equipe\/","name":"Conseillers financiers \u00e0 Montreal | Pro Health Financial","isPartOf":{"@id":"https:\/\/prohealthfinancial.ca\/#website"},"primaryImageOfPage":{"@id":"https:\/\/prohealthfinancial.ca\/fr\/notre-equipe\/#primaryimage"},"image":{"@id":"https:\/\/prohealthfinancial.ca\/fr\/notre-equipe\/#primaryimage"},"thumbnailUrl":"https:\/\/prohealthfinancial.ca\/wp-content\/uploads\/sites\/29\/2021\/01\/White-top-1920x200px.png","datePublished":"2022-05-31T17:04:53+00:00","dateModified":"2026-01-05T01:28:47+00:00","description":"Nos conseillers financiers n'ont qu'un seul objectif en t\u00eate : vous guider vers l'atteinte de votre compl\u00e8te ind\u00e9pendance et s\u00e9curit\u00e9 financi\u00e8res.","breadcrumb":{"@id":"https:\/\/prohealthfinancial.ca\/fr\/notre-equipe\/#breadcrumb"},"inLanguage":"fr-FR","potentialAction":[{"@type":"ReadAction","target":["https:\/\/prohealthfinancial.ca\/fr\/notre-equipe\/"]}]},{"@type":"ImageObject","inLanguage":"fr-FR","@id":"https:\/\/prohealthfinancial.ca\/fr\/notre-equipe\/#primaryimage","url":"https:\/\/prohealthfinancial.ca\/wp-content\/uploads\/sites\/29\/2021\/01\/White-top-1920x200px.png","contentUrl":"https:\/\/prohealthfinancial.ca\/wp-content\/uploads\/sites\/29\/2021\/01\/White-top-1920x200px.png"},{"@type":"BreadcrumbList","@id":"https:\/\/prohealthfinancial.ca\/fr\/notre-equipe\/#breadcrumb","itemListElement":[{"@type":"ListItem","position":1,"name":"Home","item":"https:\/\/prohealthfinancial.ca\/fr\/fr-accueil\/"},{"@type":"ListItem","position":2,"name":"Notre \u00e9quipe"}]},{"@type":"WebSite","@id":"https:\/\/prohealthfinancial.ca\/#website","url":"https:\/\/prohealthfinancial.ca\/","name":"Pro Health Financial","description":"Pro Health Financial","potentialAction":[{"@type":"SearchAction","target":{"@type":"EntryPoint","urlTemplate":"https:\/\/prohealthfinancial.ca\/?s={search_term_string}"},"query-input":{"@type":"PropertyValueSpecification","valueRequired":true,"valueName":"search_term_string"}}],"inLanguage":"fr-FR"}]}},"_links":{"self":[{"href":"https:\/\/prohealthfinancial.ca\/fr\/wp-json\/wp\/v2\/pages\/4932","targetHints":{"allow":["GET"]}}],"collection":[{"href":"https:\/\/prohealthfinancial.ca\/fr\/wp-json\/wp\/v2\/pages"}],"about":[{"href":"https:\/\/prohealthfinancial.ca\/fr\/wp-json\/wp\/v2\/types\/page"}],"author":[{"embeddable":true,"href":"https:\/\/prohealthfinancial.ca\/fr\/wp-json\/wp\/v2\/users\/6"}],"replies":[{"embeddable":true,"href":"https:\/\/prohealthfinancial.ca\/fr\/wp-json\/wp\/v2\/comments?post=4932"}],"version-history":[{"count":3,"href":"https:\/\/prohealthfinancial.ca\/fr\/wp-json\/wp\/v2\/pages\/4932\/revisions"}],"predecessor-version":[{"id":6357,"href":"https:\/\/prohealthfinancial.ca\/fr\/wp-json\/wp\/v2\/pages\/4932\/revisions\/6357"}],"wp:attachment":[{"href":"https:\/\/prohealthfinancial.ca\/fr\/wp-json\/wp\/v2\/media?parent=4932"}],"curies":[{"name":"wp","href":"https:\/\/api.w.org\/{rel}","templated":true}]}}